{"id":22946,"date":"2026-01-12T23:14:47","date_gmt":"2026-01-12T23:14:47","guid":{"rendered":"https:\/\/agenzia.bg\/?page_id=22946"},"modified":"2026-02-10T00:27:12","modified_gmt":"2026-02-09T22:27:12","slug":"finance","status":"publish","type":"page","link":"https:\/\/agenzia.bg\/fr\/finance\/","title":{"rendered":"Financement"},"content":{"rendered":"<div data-elementor-type=\"wp-page\" data-elementor-id=\"22946\" class=\"elementor elementor-22946\" data-elementor-post-type=\"page\">\n\t\t\t\t<div class=\"elementor-element elementor-element-909e60e e-flex e-con-boxed e-con e-parent\" data-id=\"909e60e\" data-element_type=\"container\" data-e-type=\"container\" id=\"hot_spot2\" data-settings=\"{&quot;background_background&quot;:&quot;classic&quot;}\">\n\t\t\t\t\t<div class=\"e-con-inner\">\n\t\t<div class=\"elementor-element elementor-element-990f065 e-con-full e-flex e-con e-child\" data-id=\"990f065\" data-element_type=\"container\" data-e-type=\"container\" data-settings=\"{&quot;background_background&quot;:&quot;classic&quot;}\">\n\t\t<div class=\"elementor-element elementor-element-15dda43 e-con-full e-flex e-con e-child\" data-id=\"15dda43\" data-element_type=\"container\" data-e-type=\"container\">\n\t\t<div class=\"elementor-element elementor-element-0914a50 e-con-full e-flex e-con e-child\" data-id=\"0914a50\" data-element_type=\"container\" data-e-type=\"container\" data-settings=\"{&quot;background_background&quot;:&quot;classic&quot;}\">\n\t\t\t\t<div class=\"elementor-element elementor-element-ebc3c9e elementor-widget elementor-widget-heading\" data-id=\"ebc3c9e\" data-element_type=\"widget\" data-e-type=\"widget\" data-widget_type=\"heading.default\">\n\t\t\t\t\t<p class=\"elementor-heading-title elementor-size-default\">AGENZIA Finance\u00ae <\/p>\t\t\t\t<\/div>\n\t\t\t\t<div class=\"elementor-element elementor-element-e3a04e0 elementor-widget elementor-widget-heading\" data-id=\"e3a04e0\" data-element_type=\"widget\" data-e-type=\"widget\" data-widget_type=\"heading.default\">\n\t\t\t\t\t<p class=\"elementor-heading-title elementor-size-default\">Un financement rapide et s\u00fbr avec des conditions flexibles adapt\u00e9es \u00e0 vos capacit\u00e9s et \u00e0 votre profil. Nos solutions de pr\u00eat vous aident \u00e0 r\u00e9aliser vos projets sans attente inutile ni proc\u00e9dures compliqu\u00e9es.\n<br><br>\nRemplissez le formulaire et nos consultants vous contacteront :<\/p>\t\t\t\t<\/div>\n\t\t\t\t<\/div>\n\t\t<div class=\"elementor-element elementor-element-2618a65 e-con-full e-flex e-con e-child\" data-id=\"2618a65\" data-element_type=\"container\" data-e-type=\"container\">\n\t\t\t\t<div class=\"elementor-element elementor-element-8f734fc elementor-button-align-stretch elementor-widget elementor-widget-form\" data-id=\"8f734fc\" data-element_type=\"widget\" data-e-type=\"widget\" data-settings=\"{&quot;step_next_label&quot;:&quot;Next&quot;,&quot;step_previous_label&quot;:&quot;Previous&quot;,&quot;button_width&quot;:&quot;100&quot;,&quot;step_type&quot;:&quot;number_text&quot;,&quot;step_icon_shape&quot;:&quot;circle&quot;}\" data-widget_type=\"form.default\">\n\t\t\t\t\t\t\t<form class=\"elementor-form\" method=\"post\" name=\"\u0444\u0438\u043d\u0430\u043d\u0441\u0438\u0440\u0430\u043d\u0435\" aria-label=\"financement\" action=\"\">\n\t\t\t<input type=\"hidden\" name=\"post_id\" value=\"22946\"\/>\n\t\t\t<input type=\"hidden\" name=\"form_id\" value=\"8f734fc\"\/>\n\t\t\t<input type=\"hidden\" name=\"referer_title\" value=\"\u041a\u0440\u0435\u0434\u0438\u0442\u043d\u043e \u0444\u0438\u043d\u0430\u043d\u0441\u0438\u0440\u0430\u043d\u0435 \u0437\u0430 \u0438\u043c\u043e\u0442 | AGENZIA Finance\u00ae\" \/>\n\n\t\t\t\t\t\t\t<input type=\"hidden\" name=\"queried_id\" value=\"22946\"\/>\n\t\t\t\n\t\t\t<div class=\"elementor-form-fields-wrapper elementor-labels-above\">\n\t\t\t\t\t\t\t\t<div class=\"elementor-field-type-text elementor-field-group elementor-column elementor-field-group-name elementor-col-100 elementor-field-required\">\n\t\t\t\t\t\t\t\t\t\t\t\t<label for=\"form-field-name\" class=\"elementor-field-label\">\n\t\t\t\t\t\t\t\tVotre nom\t\t\t\t\t\t\t<\/label>\n\t\t\t\t\t\t\t\t\t\t\t\t\t\t<input size=\"1\" type=\"text\" name=\"form_fields[name]\" id=\"form-field-name\" class=\"elementor-field elementor-size-sm  elementor-field-textual\" placeholder=\"Nom\" required=\"required\">\n\t\t\t\t\t\t\t\t\t\t\t<\/div>\n\t\t\t\t\t\t\t\t<div class=\"elementor-field-type-email elementor-field-group elementor-column elementor-field-group-email elementor-col-100 elementor-field-required\">\n\t\t\t\t\t\t\t\t\t\t\t\t<label for=\"form-field-email\" class=\"elementor-field-label\">\n\t\t\t\t\t\t\t\tVotre email\t\t\t\t\t\t\t<\/label>\n\t\t\t\t\t\t\t\t\t\t\t\t\t\t<input size=\"1\" type=\"email\" name=\"form_fields[email]\" id=\"form-field-email\" class=\"elementor-field elementor-size-sm  elementor-field-textual\" placeholder=\"Courriel\" required=\"required\">\n\t\t\t\t\t\t\t\t\t\t\t<\/div>\n\t\t\t\t\t\t\t\t<div class=\"elementor-field-type-tel elementor-field-group elementor-column elementor-field-group-field_f0dfd03 elementor-col-100 elementor-field-required\">\n\t\t\t\t\t\t\t\t\t\t\t\t<label for=\"form-field-field_f0dfd03\" class=\"elementor-field-label\">\n\t\t\t\t\t\t\t\tVotre t\u00e9l\u00e9phone\t\t\t\t\t\t\t<\/label>\n\t\t\t\t\t\t\t\t<input size=\"1\" type=\"tel\" name=\"form_fields[field_f0dfd03]\" id=\"form-field-field_f0dfd03\" class=\"elementor-field elementor-size-sm  elementor-field-textual\" placeholder=\"t\u00e9l\u00e9phone\" required=\"required\" pattern=\"[0-9()#&amp;+*-=.]+\" title=\"Seuls les chiffres et les symboles t\u00e9l\u00e9phoniques (#, -, *, etc.) sont accept\u00e9s.\">\n\n\t\t\t\t\t\t<\/div>\n\t\t\t\t\t\t\t\t<div class=\"elementor-field-type-select elementor-field-group elementor-column elementor-field-group-field_6ce4470 elementor-col-100 elementor-field-required\">\n\t\t\t\t\t\t\t\t\t\t\t\t<label for=\"form-field-field_6ce4470\" class=\"elementor-field-label\">\n\t\t\t\t\t\t\t\tType de cr\u00e9dit\t\t\t\t\t\t\t<\/label>\n\t\t\t\t\t\t\t\t<div class=\"elementor-field elementor-select-wrapper remove-before\">\n\t\t\t<div class=\"select-caret-down-wrapper\">\n\t\t\t\t<svg aria-hidden=\"true\" class=\"e-font-icon-svg e-eicon-caret-down\" viewbox=\"0 0 571.4 571.4\" xmlns=\"http:\/\/www.w3.org\/2000\/svg\"><path d=\"M571 393Q571 407 561 418L311 668Q300 679 286 679T261 668L11 418Q0 407 0 393T11 368 36 357H536Q550 357 561 368T571 393Z\"><\/path><\/svg>\t\t\t<\/div>\n\t\t\t<select name=\"form_fields[field_6ce4470]\" id=\"form-field-field_6ce4470\" class=\"elementor-field-textual elementor-size-sm\" required=\"required\">\n\t\t\t\t\t\t\t\t\t<option value=\"\"><\/option>\n\t\t\t\t\t\t\t\t\t<option value=\"\u0418\u043f\u043e\u0442\u0435\u0447\u0435\u043d \">Hypoth\u00e8que <\/option>\n\t\t\t\t\t\t\t\t\t<option value=\"\u041f\u043e\u0442\u0440\u0435\u0431\u0438\u0442\u0435\u043b\u0441\u043a\u0438 \">Sur mesure <\/option>\n\t\t\t\t\t\t\t<\/select>\n\t\t<\/div>\n\t\t\t\t\t\t<\/div>\n\t\t\t\t\t\t\t\t<div class=\"elementor-field-type-textarea elementor-field-group elementor-column elementor-field-group-message elementor-col-100\">\n\t\t\t\t\t\t\t\t\t\t\t\t<label for=\"form-field-message\" class=\"elementor-field-label\">\n\t\t\t\t\t\t\t\tMontant souhait\u00e9\t\t\t\t\t\t\t<\/label>\n\t\t\t\t\t\t<textarea class=\"elementor-field-textual elementor-field  elementor-size-sm\" name=\"form_fields[message]\" id=\"form-field-message\" rows=\"4\" placeholder=\"Le montant souhait\u00e9\"><\/textarea>\t\t\t\t<\/div>\n\t\t\t\t\t\t\t\t<div class=\"elementor-field-group elementor-column elementor-field-type-submit elementor-col-100 e-form__buttons\">\n\t\t\t\t\t<button class=\"elementor-button elementor-size-sm\" type=\"submit\">\n\t\t\t\t\t\t<span class=\"elementor-button-content-wrapper\">\n\t\t\t\t\t\t\t\t\t\t\t\t\t\t\t\t\t\t\t\t\t\t<span class=\"elementor-button-text\">Envoyer \u00e0<\/span>\n\t\t\t\t\t\t\t\t\t\t\t\t\t<\/span>\n\t\t\t\t\t<\/button>\n\t\t\t\t<\/div>\n\t\t\t<\/div>\n\t\t<input type=\"hidden\" name=\"trp-form-language\" value=\"fr\"\/><\/form>\n\t\t\t\t\t\t<\/div>\n\t\t\t\t<\/div>\n\t\t\t\t<\/div>\n\t\t\t\t<\/div>\n\t\t\t\t\t<\/div>\n\t\t\t\t<\/div>\n\t\t\t\t<\/div>","protected":false},"excerpt":{"rendered":"<p>AGENZIA Finance\u00ae Financement rapide et s\u00fbr, avec des conditions flexibles adapt\u00e9es \u00e0 vos capacit\u00e9s et \u00e0 votre profil. Nos solutions de pr\u00eat vous aident \u00e0 r\u00e9aliser vos projets sans attente inutile ni proc\u00e9dures compliqu\u00e9es. Remplissez le formulaire et nos conseillers vous contacteront :<\/p>","protected":false},"author":1,"featured_media":0,"parent":0,"menu_order":0,"comment_status":"closed","ping_status":"closed","template":"elementor_header_footer","meta":{"_acf_changed":false,"inline_featured_image":false,"footnotes":""},"class_list":["post-22946","page","type-page","status-publish","hentry"],"acf":[],"yoast_head":"<!-- This site is optimized with the Yoast SEO Premium plugin v25.1 (Yoast SEO v27.4) - https:\/\/yoast.com\/product\/yoast-seo-premium-wordpress\/ -->\n<title>\u041a\u0440\u0435\u0434\u0438\u0442\u043d\u043e \u0444\u0438\u043d\u0430\u043d\u0441\u0438\u0440\u0430\u043d\u0435 \u0437\u0430 \u0438\u043c\u043e\u0442 | AGENZIA Finance\u00ae<\/title>\n<meta name=\"description\" content=\"\u0411\u044a\u0440\u0437\u043e \u0438 \u0441\u0438\u0433\u0443\u0440\u043d\u043e \u043a\u0440\u0435\u0434\u0438\u0442\u043d\u043e \u0444\u0438\u043d\u0430\u043d\u0441\u0438\u0440\u0430\u043d\u0435 \u0437\u0430 \u043f\u043e\u043a\u0443\u043f\u043a\u0430 \u043d\u0430 \u0438\u043c\u043e\u0442. \u0418\u043d\u0434\u0438\u0432\u0438\u0434\u0443\u0430\u043b\u043d\u0438 \u0443\u0441\u043b\u043e\u0432\u0438\u044f, \u0431\u0435\u0437 \u0438\u0437\u043b\u0438\u0448\u043d\u0438 \u043f\u0440\u043e\u0446\u0435\u0434\u0443\u0440\u0438. AGENZIA Finance\u00ae.\" \/>\n<meta name=\"robots\" content=\"index, follow, max-snippet:-1, max-image-preview:large, max-video-preview:-1\" \/>\n<link rel=\"canonical\" href=\"https:\/\/agenzia.bg\/fr\/finance\/\" \/>\n<meta property=\"og:locale\" content=\"fr_FR\" \/>\n<meta property=\"og:type\" content=\"article\" \/>\n<meta property=\"og:title\" content=\"\u0424\u0438\u043d\u0430\u043d\u0441\u0438\u0440\u0430\u043d\u0435\" \/>\n<meta property=\"og:description\" content=\"\u0411\u044a\u0440\u0437\u043e \u0438 \u0441\u0438\u0433\u0443\u0440\u043d\u043e \u043a\u0440\u0435\u0434\u0438\u0442\u043d\u043e \u0444\u0438\u043d\u0430\u043d\u0441\u0438\u0440\u0430\u043d\u0435 \u0437\u0430 \u043f\u043e\u043a\u0443\u043f\u043a\u0430 \u043d\u0430 \u0438\u043c\u043e\u0442. \u0418\u043d\u0434\u0438\u0432\u0438\u0434\u0443\u0430\u043b\u043d\u0438 \u0443\u0441\u043b\u043e\u0432\u0438\u044f, \u0431\u0435\u0437 \u0438\u0437\u043b\u0438\u0448\u043d\u0438 \u043f\u0440\u043e\u0446\u0435\u0434\u0443\u0440\u0438. AGENZIA Finance\u00ae.\" \/>\n<meta property=\"og:url\" content=\"https:\/\/agenzia.bg\/fr\/finance\/\" \/>\n<meta property=\"og:site_name\" content=\"agenzia.bg\" \/>\n<meta property=\"article:modified_time\" content=\"2026-02-09T22:27:12+00:00\" \/>\n<meta name=\"twitter:card\" content=\"summary_large_image\" \/>\n<meta name=\"twitter:label1\" content=\"Dur\u00e9e de lecture estim\u00e9e\" \/>\n\t<meta name=\"twitter:data1\" content=\"1 minute\" \/>\n<script type=\"application\/ld+json\" class=\"yoast-schema-graph\">{\"@context\":\"https:\\\/\\\/schema.org\",\"@graph\":[{\"@type\":\"WebPage\",\"@id\":\"https:\\\/\\\/agenzia.bg\\\/finansirane\\\/\",\"url\":\"https:\\\/\\\/agenzia.bg\\\/finansirane\\\/\",\"name\":\"\u041a\u0440\u0435\u0434\u0438\u0442\u043d\u043e \u0444\u0438\u043d\u0430\u043d\u0441\u0438\u0440\u0430\u043d\u0435 \u0437\u0430 \u0438\u043c\u043e\u0442 | AGENZIA Finance\u00ae\",\"isPartOf\":{\"@id\":\"https:\\\/\\\/agenzia.bg\\\/#website\"},\"datePublished\":\"2026-01-12T23:14:47+00:00\",\"dateModified\":\"2026-02-09T22:27:12+00:00\",\"description\":\"\u0411\u044a\u0440\u0437\u043e \u0438 \u0441\u0438\u0433\u0443\u0440\u043d\u043e \u043a\u0440\u0435\u0434\u0438\u0442\u043d\u043e \u0444\u0438\u043d\u0430\u043d\u0441\u0438\u0440\u0430\u043d\u0435 \u0437\u0430 \u043f\u043e\u043a\u0443\u043f\u043a\u0430 \u043d\u0430 \u0438\u043c\u043e\u0442. \u0418\u043d\u0434\u0438\u0432\u0438\u0434\u0443\u0430\u043b\u043d\u0438 \u0443\u0441\u043b\u043e\u0432\u0438\u044f, \u0431\u0435\u0437 \u0438\u0437\u043b\u0438\u0448\u043d\u0438 \u043f\u0440\u043e\u0446\u0435\u0434\u0443\u0440\u0438. AGENZIA Finance\u00ae.\",\"breadcrumb\":{\"@id\":\"https:\\\/\\\/agenzia.bg\\\/finansirane\\\/#breadcrumb\"},\"inLanguage\":\"fr-FR\",\"potentialAction\":[{\"@type\":\"ReadAction\",\"target\":[\"https:\\\/\\\/agenzia.bg\\\/finansirane\\\/\"]}]},{\"@type\":\"BreadcrumbList\",\"@id\":\"https:\\\/\\\/agenzia.bg\\\/finansirane\\\/#breadcrumb\",\"itemListElement\":[{\"@type\":\"ListItem\",\"position\":1,\"name\":\"Home\",\"item\":\"https:\\\/\\\/agenzia.bg\\\/\"},{\"@type\":\"ListItem\",\"position\":2,\"name\":\"\u0424\u0438\u043d\u0430\u043d\u0441\u0438\u0440\u0430\u043d\u0435\"}]},{\"@type\":\"WebSite\",\"@id\":\"https:\\\/\\\/agenzia.bg\\\/#website\",\"url\":\"https:\\\/\\\/agenzia.bg\\\/\",\"name\":\"agenzia.bg\",\"description\":\"\",\"potentialAction\":[{\"@type\":\"SearchAction\",\"target\":{\"@type\":\"EntryPoint\",\"urlTemplate\":\"https:\\\/\\\/agenzia.bg\\\/?s={search_term_string}\"},\"query-input\":{\"@type\":\"PropertyValueSpecification\",\"valueRequired\":true,\"valueName\":\"search_term_string\"}}],\"inLanguage\":\"fr-FR\"}]}<\/script>\n<!-- \/ Yoast SEO Premium plugin. -->","yoast_head_json":{"title":"Financement \u00e0 cr\u00e9dit de l'immobilier | AGENZIA Finance","description":"Financement rapide et s\u00fbr de l'achat d'un bien immobilier. Conditions individuelles, sans proc\u00e9dures inutiles. AGENZIA Finance\u00ae.","robots":{"index":"index","follow":"follow","max-snippet":"max-snippet:-1","max-image-preview":"max-image-preview:large","max-video-preview":"max-video-preview:-1"},"canonical":"https:\/\/agenzia.bg\/fr\/finance\/","og_locale":"fr_FR","og_type":"article","og_title":"\u0424\u0438\u043d\u0430\u043d\u0441\u0438\u0440\u0430\u043d\u0435","og_description":"\u0411\u044a\u0440\u0437\u043e \u0438 \u0441\u0438\u0433\u0443\u0440\u043d\u043e \u043a\u0440\u0435\u0434\u0438\u0442\u043d\u043e \u0444\u0438\u043d\u0430\u043d\u0441\u0438\u0440\u0430\u043d\u0435 \u0437\u0430 \u043f\u043e\u043a\u0443\u043f\u043a\u0430 \u043d\u0430 \u0438\u043c\u043e\u0442. \u0418\u043d\u0434\u0438\u0432\u0438\u0434\u0443\u0430\u043b\u043d\u0438 \u0443\u0441\u043b\u043e\u0432\u0438\u044f, \u0431\u0435\u0437 \u0438\u0437\u043b\u0438\u0448\u043d\u0438 \u043f\u0440\u043e\u0446\u0435\u0434\u0443\u0440\u0438. AGENZIA Finance\u00ae.","og_url":"https:\/\/agenzia.bg\/fr\/finance\/","og_site_name":"agenzia.bg","article_modified_time":"2026-02-09T22:27:12+00:00","twitter_card":"summary_large_image","twitter_misc":{"Dur\u00e9e de lecture estim\u00e9e":"1 minute"},"schema":{"@context":"https:\/\/schema.org","@graph":[{"@type":"WebPage","@id":"https:\/\/agenzia.bg\/finansirane\/","url":"https:\/\/agenzia.bg\/finansirane\/","name":"Financement \u00e0 cr\u00e9dit de l'immobilier | AGENZIA Finance","isPartOf":{"@id":"https:\/\/agenzia.bg\/#website"},"datePublished":"2026-01-12T23:14:47+00:00","dateModified":"2026-02-09T22:27:12+00:00","description":"Financement rapide et s\u00fbr de l'achat d'un bien immobilier. Conditions individuelles, sans proc\u00e9dures inutiles. AGENZIA Finance\u00ae.","breadcrumb":{"@id":"https:\/\/agenzia.bg\/finansirane\/#breadcrumb"},"inLanguage":"fr-FR","potentialAction":[{"@type":"ReadAction","target":["https:\/\/agenzia.bg\/finansirane\/"]}]},{"@type":"BreadcrumbList","@id":"https:\/\/agenzia.bg\/finansirane\/#breadcrumb","itemListElement":[{"@type":"ListItem","position":1,"name":"Home","item":"https:\/\/agenzia.bg\/"},{"@type":"ListItem","position":2,"name":"\u0424\u0438\u043d\u0430\u043d\u0441\u0438\u0440\u0430\u043d\u0435"}]},{"@type":"WebSite","@id":"https:\/\/agenzia.bg\/#website","url":"https:\/\/agenzia.bg\/","name":"maroon-porpoise-135157.hostersite.com","description":"","potentialAction":[{"@type":"SearchAction","target":{"@type":"EntryPoint","urlTemplate":"https:\/\/agenzia.bg\/?s={search_term_string}"},"query-input":{"@type":"PropertyValueSpecification","valueRequired":true,"valueName":"search_term_string"}}],"inLanguage":"fr-FR"}]}},"_hostinger_reach_plugin_has_subscription_block":false,"_hostinger_reach_plugin_is_elementor":false,"_links":{"self":[{"href":"https:\/\/agenzia.bg\/fr\/wp-json\/wp\/v2\/pages\/22946","targetHints":{"allow":["GET"]}}],"collection":[{"href":"https:\/\/agenzia.bg\/fr\/wp-json\/wp\/v2\/pages"}],"about":[{"href":"https:\/\/agenzia.bg\/fr\/wp-json\/wp\/v2\/types\/page"}],"author":[{"embeddable":true,"href":"https:\/\/agenzia.bg\/fr\/wp-json\/wp\/v2\/users\/1"}],"replies":[{"embeddable":true,"href":"https:\/\/agenzia.bg\/fr\/wp-json\/wp\/v2\/comments?post=22946"}],"version-history":[{"count":0,"href":"https:\/\/agenzia.bg\/fr\/wp-json\/wp\/v2\/pages\/22946\/revisions"}],"wp:attachment":[{"href":"https:\/\/agenzia.bg\/fr\/wp-json\/wp\/v2\/media?parent=22946"}],"curies":[{"name":"wp","href":"https:\/\/api.w.org\/{rel}","templated":true}]}}