{"id":22961,"date":"2026-01-13T01:41:20","date_gmt":"2026-01-13T01:41:20","guid":{"rendered":"https:\/\/agenzia.bg\/?page_id=22961"},"modified":"2026-02-10T00:28:52","modified_gmt":"2026-02-09T22:28:52","slug":"tochen-maistor","status":"publish","type":"page","link":"https:\/\/agenzia.bg\/fr\/tochen-maistor\/","title":{"rendered":"R\u00e9parateur \u00e0 domicile"},"content":{"rendered":"<div data-elementor-type=\"wp-page\" data-elementor-id=\"22961\" class=\"elementor elementor-22961\" data-elementor-post-type=\"page\">\n\t\t\t\t<div class=\"elementor-element elementor-element-9784579 e-con-full e-flex e-con e-child\" data-id=\"9784579\" data-element_type=\"container\" data-e-type=\"container\">\n\t\t<div class=\"elementor-element elementor-element-e1f6fa7 e-con-full e-flex e-con e-child\" data-id=\"e1f6fa7\" data-element_type=\"container\" data-e-type=\"container\" data-settings=\"{&quot;background_background&quot;:&quot;classic&quot;}\">\n\t\t\t\t<div class=\"elementor-element elementor-element-0a3540f elementor-widget elementor-widget-heading\" data-id=\"0a3540f\" data-element_type=\"widget\" data-e-type=\"widget\" data-widget_type=\"heading.default\">\n\t\t\t\t\t<p class=\"elementor-heading-title elementor-size-default\">AGENZIA Maistori\u00ae<\/p>\t\t\t\t<\/div>\n\t\t\t\t<div class=\"elementor-element elementor-element-5442197 elementor-widget elementor-widget-heading\" data-id=\"5442197\" data-element_type=\"widget\" data-e-type=\"widget\" data-widget_type=\"heading.default\">\n\t\t\t\t\t<p class=\"elementor-heading-title elementor-size-default\">Met en relation l'homme \u00e0 tout faire avec le besoin \u00e0 la maison et aide \u00e0 r\u00e9soudre le probl\u00e8me dans les d\u00e9lais et avec un travail de haute qualit\u00e9. Des r\u00e9novations compl\u00e8tes aux projets d'int\u00e9rieur, la qualit\u00e9 et la pr\u00e9cision sont notre priorit\u00e9.\n<br><br>\nRemplissez le formulaire et nos consultants vous contacteront :<\/p>\t\t\t\t<\/div>\n\t\t\t\t<\/div>\n\t\t<div class=\"elementor-element elementor-element-7269371 e-con-full e-flex e-con e-child\" data-id=\"7269371\" data-element_type=\"container\" data-e-type=\"container\">\n\t\t\t\t<div class=\"elementor-element elementor-element-2544b02 elementor-button-align-stretch elementor-widget elementor-widget-form\" data-id=\"2544b02\" data-element_type=\"widget\" data-e-type=\"widget\" data-settings=\"{&quot;step_next_label&quot;:&quot;Next&quot;,&quot;step_previous_label&quot;:&quot;Previous&quot;,&quot;button_width&quot;:&quot;100&quot;,&quot;step_type&quot;:&quot;number_text&quot;,&quot;step_icon_shape&quot;:&quot;circle&quot;}\" data-widget_type=\"form.default\">\n\t\t\t\t\t\t\t<form class=\"elementor-form\" method=\"post\" name=\"\u0422\u043e\u0447\u0435\u043d \u043c\u0430\u0439\u0441\u0442\u043e\u0440\" aria-label=\"R\u00e9parateur \u00e0 domicile\" action=\"\">\n\t\t\t<input type=\"hidden\" name=\"post_id\" value=\"22961\"\/>\n\t\t\t<input type=\"hidden\" name=\"form_id\" value=\"2544b02\"\/>\n\t\t\t<input type=\"hidden\" name=\"referer_title\" value=\"\u0422\u043e\u0447\u0435\u043d \u043c\u0430\u0439\u0441\u0442\u043e\u0440 \u0437\u0430 \u0434\u043e\u043c\u0430 | AGENZIA Maistori\u00ae\" \/>\n\n\t\t\t\t\t\t\t<input type=\"hidden\" name=\"queried_id\" value=\"22961\"\/>\n\t\t\t\n\t\t\t<div class=\"elementor-form-fields-wrapper elementor-labels-above\">\n\t\t\t\t\t\t\t\t<div class=\"elementor-field-type-select elementor-field-group elementor-column elementor-field-group-field_f718c28 elementor-col-100 elementor-field-required\">\n\t\t\t\t\t\t\t\t\t\t\t\t<label for=\"form-field-field_f718c28\" class=\"elementor-field-label\">\n\t\t\t\t\t\t\t\tType de bien\t\t\t\t\t\t\t<\/label>\n\t\t\t\t\t\t\t\t<div class=\"elementor-field elementor-select-wrapper remove-before\">\n\t\t\t<div class=\"select-caret-down-wrapper\">\n\t\t\t\t<svg aria-hidden=\"true\" class=\"e-font-icon-svg e-eicon-caret-down\" viewbox=\"0 0 571.4 571.4\" xmlns=\"http:\/\/www.w3.org\/2000\/svg\"><path d=\"M571 393Q571 407 561 418L311 668Q300 679 286 679T261 668L11 418Q0 407 0 393T11 368 36 357H536Q550 357 561 368T571 393Z\"><\/path><\/svg>\t\t\t<\/div>\n\t\t\t<select name=\"form_fields[field_f718c28]\" id=\"form-field-field_f718c28\" class=\"elementor-field-textual elementor-size-sm\" required=\"required\">\n\t\t\t\t\t\t\t\t\t<option value=\"\"><\/option>\n\t\t\t\t\t\t\t\t\t<option value=\"\u0410\u043f\u0430\u0440\u0442\u0430\u043c\u0435\u043d\u0442\">Appartement<\/option>\n\t\t\t\t\t\t\t\t\t<option value=\"\u041a\u044a\u0449\u0430\">Maison<\/option>\n\t\t\t\t\t\t\t\t\t<option value=\"\u041e\u0444\u0438\u0441\">Bureau<\/option>\n\t\t\t\t\t\t\t\t\t<option value=\"\u0422\u044a\u0440\u0433\u043e\u0432\u0441\u043a\u043e \u043f\u043e\u043c\u0435\u0449\u0435\u043d\u0438\u0435\">Espace commercial<\/option>\n\t\t\t\t\t\t\t<\/select>\n\t\t<\/div>\n\t\t\t\t\t\t<\/div>\n\t\t\t\t\t\t\t\t<div class=\"elementor-field-type-text elementor-field-group elementor-column elementor-field-group-name elementor-col-100 elementor-field-required\">\n\t\t\t\t\t\t\t\t\t\t\t\t<label for=\"form-field-name\" class=\"elementor-field-label\">\n\t\t\t\t\t\t\t\tVotre nom\t\t\t\t\t\t\t<\/label>\n\t\t\t\t\t\t\t\t\t\t\t\t\t\t<input size=\"1\" type=\"text\" name=\"form_fields[name]\" id=\"form-field-name\" class=\"elementor-field elementor-size-sm  elementor-field-textual\" placeholder=\"Nom\" required=\"required\">\n\t\t\t\t\t\t\t\t\t\t\t<\/div>\n\t\t\t\t\t\t\t\t<div class=\"elementor-field-type-email elementor-field-group elementor-column elementor-field-group-email elementor-col-100 elementor-field-required\">\n\t\t\t\t\t\t\t\t\t\t\t\t<label for=\"form-field-email\" class=\"elementor-field-label\">\n\t\t\t\t\t\t\t\tVotre email\t\t\t\t\t\t\t<\/label>\n\t\t\t\t\t\t\t\t\t\t\t\t\t\t<input size=\"1\" type=\"email\" name=\"form_fields[email]\" id=\"form-field-email\" class=\"elementor-field elementor-size-sm  elementor-field-textual\" placeholder=\"Courriel\" required=\"required\">\n\t\t\t\t\t\t\t\t\t\t\t<\/div>\n\t\t\t\t\t\t\t\t<div class=\"elementor-field-type-tel elementor-field-group elementor-column elementor-field-group-field_ca4a554 elementor-col-100 elementor-field-required\">\n\t\t\t\t\t\t\t\t\t\t\t\t<label for=\"form-field-field_ca4a554\" class=\"elementor-field-label\">\n\t\t\t\t\t\t\t\tVotre t\u00e9l\u00e9phone\t\t\t\t\t\t\t<\/label>\n\t\t\t\t\t\t\t\t<input size=\"1\" type=\"tel\" name=\"form_fields[field_ca4a554]\" id=\"form-field-field_ca4a554\" class=\"elementor-field elementor-size-sm  elementor-field-textual\" placeholder=\"t\u00e9l\u00e9phone\" required=\"required\" pattern=\"[0-9()#&amp;+*-=.]+\" title=\"Seuls les chiffres et les caract\u00e8res t\u00e9l\u00e9phoniques (#, -, *, etc.) sont accept\u00e9s.\" data-no-translation-title=\"\">\n\n\t\t\t\t\t\t<\/div>\n\t\t\t\t\t\t\t\t<div class=\"elementor-field-type-select elementor-field-group elementor-column elementor-field-group-field_6ce4470 elementor-col-100 elementor-field-required\">\n\t\t\t\t\t\t\t\t\t\t\t\t<label for=\"form-field-field_6ce4470\" class=\"elementor-field-label\">\n\t\t\t\t\t\t\t\tType de service\t\t\t\t\t\t\t<\/label>\n\t\t\t\t\t\t\t\t<div class=\"elementor-field elementor-select-wrapper remove-before\">\n\t\t\t<div class=\"select-caret-down-wrapper\">\n\t\t\t\t<svg aria-hidden=\"true\" class=\"e-font-icon-svg e-eicon-caret-down\" viewbox=\"0 0 571.4 571.4\" xmlns=\"http:\/\/www.w3.org\/2000\/svg\"><path d=\"M571 393Q571 407 561 418L311 668Q300 679 286 679T261 668L11 418Q0 407 0 393T11 368 36 357H536Q550 357 561 368T571 393Z\"><\/path><\/svg>\t\t\t<\/div>\n\t\t\t<select name=\"form_fields[field_6ce4470]\" id=\"form-field-field_6ce4470\" class=\"elementor-field-textual elementor-size-sm\" required=\"required\">\n\t\t\t\t\t\t\t\t\t<option value=\"\"><\/option>\n\t\t\t\t\t\t\t\t\t<option value=\"\u041a\u0443\u0445\u043d\u044f\">Cuisine<\/option>\n\t\t\t\t\t\t\t\t\t<option value=\"\u0411\u0430\u043d\u044f\">Bain<\/option>\n\t\t\t\t\t\t\t\t\t<option value=\"\u041f\u043e\u043a\u0440\u0438\u0432\">Toit<\/option>\n\t\t\t\t\t\t\t\t\t<option value=\"\u0414\u0440\u0443\u0433\u043e \u043f\u043e\u043c\u0435\u0449\u0435\u043d\u0438\u0435\">Une autre pi\u00e8ce<\/option>\n\t\t\t\t\t\t\t<\/select>\n\t\t<\/div>\n\t\t\t\t\t\t<\/div>\n\t\t\t\t\t\t\t\t<div class=\"elementor-field-group elementor-column elementor-field-type-submit elementor-col-100 e-form__buttons\">\n\t\t\t\t\t<button class=\"elementor-button elementor-size-sm\" type=\"submit\">\n\t\t\t\t\t\t<span class=\"elementor-button-content-wrapper\">\n\t\t\t\t\t\t\t\t\t\t\t\t\t\t\t\t\t\t\t\t\t\t<span class=\"elementor-button-text\">Envoyer \u00e0<\/span>\n\t\t\t\t\t\t\t\t\t\t\t\t\t<\/span>\n\t\t\t\t\t<\/button>\n\t\t\t\t<\/div>\n\t\t\t<\/div>\n\t\t<input type=\"hidden\" name=\"trp-form-language\" value=\"fr\"\/><\/form>\n\t\t\t\t\t\t<\/div>\n\t\t\t\t<\/div>\n\t\t\t\t<\/div>\n\t\t\t\t<\/div>","protected":false},"excerpt":{"rendered":"<p>AGENZIA Maistori\u00ae met en relation l'homme \u00e0 tout faire avec le besoin \u00e0 la maison et l'aide \u00e0 r\u00e9soudre le probl\u00e8me dans les d\u00e9lais et avec une performance de haute qualit\u00e9. Des r\u00e9novations compl\u00e8tes aux projets d'int\u00e9rieur, la qualit\u00e9 et la pr\u00e9cision sont notre priorit\u00e9. Remplissez le formulaire et nos consultants vous contacteront :<\/p>","protected":false},"author":1,"featured_media":0,"parent":0,"menu_order":0,"comment_status":"closed","ping_status":"closed","template":"","meta":{"_acf_changed":false,"inline_featured_image":false,"footnotes":""},"class_list":["post-22961","page","type-page","status-publish","hentry"],"acf":[],"yoast_head":"<!-- This site is optimized with the Yoast SEO Premium plugin v25.1 (Yoast SEO v27.4) - https:\/\/yoast.com\/product\/yoast-seo-premium-wordpress\/ -->\n<title>\u0422\u043e\u0447\u0435\u043d \u043c\u0430\u0439\u0441\u0442\u043e\u0440 \u0437\u0430 \u0434\u043e\u043c\u0430 | AGENZIA Maistori\u00ae<\/title>\n<meta name=\"description\" content=\"\u041d\u0430\u0434\u0435\u0436\u0434\u043d\u0438 \u043c\u0430\u0439\u0441\u0442\u043e\u0440\u0438 \u0437\u0430 \u0440\u0435\u043c\u043e\u043d\u0442 \u0438 \u0438\u043d\u0442\u0435\u0440\u0438\u043e\u0440\u043d\u0438 \u043f\u0440\u043e\u0435\u043a\u0442\u0438. \u0411\u044a\u0440\u0437\u0430 \u0432\u0440\u044a\u0437\u043a\u0430, \u043f\u0440\u043e\u0432\u0435\u0440\u0435\u043d\u0438 \u0441\u043f\u0435\u0446\u0438\u0430\u043b\u0438\u0441\u0442\u0438 \u0438 \u043a\u0430\u0447\u0435\u0441\u0442\u0432\u0435\u043d\u043e \u0438\u0437\u043f\u044a\u043b\u043d\u0435\u043d\u0438\u0435. AGENZIA Maistori\u00ae.\" \/>\n<meta name=\"robots\" content=\"index, follow, max-snippet:-1, max-image-preview:large, max-video-preview:-1\" \/>\n<link rel=\"canonical\" href=\"https:\/\/agenzia.bg\/fr\/tochen-maistor\/\" \/>\n<meta property=\"og:locale\" content=\"fr_FR\" \/>\n<meta property=\"og:type\" content=\"article\" \/>\n<meta property=\"og:title\" content=\"\u0422\u043e\u0447\u0435\u043d \u043c\u0430\u0439\u0441\u0442\u043e\u0440\" \/>\n<meta property=\"og:description\" content=\"\u041d\u0430\u0434\u0435\u0436\u0434\u043d\u0438 \u043c\u0430\u0439\u0441\u0442\u043e\u0440\u0438 \u0437\u0430 \u0440\u0435\u043c\u043e\u043d\u0442 \u0438 \u0438\u043d\u0442\u0435\u0440\u0438\u043e\u0440\u043d\u0438 \u043f\u0440\u043e\u0435\u043a\u0442\u0438. \u0411\u044a\u0440\u0437\u0430 \u0432\u0440\u044a\u0437\u043a\u0430, \u043f\u0440\u043e\u0432\u0435\u0440\u0435\u043d\u0438 \u0441\u043f\u0435\u0446\u0438\u0430\u043b\u0438\u0441\u0442\u0438 \u0438 \u043a\u0430\u0447\u0435\u0441\u0442\u0432\u0435\u043d\u043e \u0438\u0437\u043f\u044a\u043b\u043d\u0435\u043d\u0438\u0435. AGENZIA Maistori\u00ae.\" \/>\n<meta property=\"og:url\" content=\"https:\/\/agenzia.bg\/fr\/tochen-maistor\/\" \/>\n<meta property=\"og:site_name\" content=\"agenzia.bg\" \/>\n<meta property=\"article:modified_time\" content=\"2026-02-09T22:28:52+00:00\" \/>\n<meta name=\"twitter:card\" content=\"summary_large_image\" \/>\n<meta name=\"twitter:label1\" content=\"Dur\u00e9e de lecture estim\u00e9e\" \/>\n\t<meta name=\"twitter:data1\" content=\"1 minute\" \/>\n<script type=\"application\/ld+json\" class=\"yoast-schema-graph\">{\"@context\":\"https:\\\/\\\/schema.org\",\"@graph\":[{\"@type\":\"WebPage\",\"@id\":\"https:\\\/\\\/agenzia.bg\\\/tochen-maistor\\\/\",\"url\":\"https:\\\/\\\/agenzia.bg\\\/tochen-maistor\\\/\",\"name\":\"\u0422\u043e\u0447\u0435\u043d \u043c\u0430\u0439\u0441\u0442\u043e\u0440 \u0437\u0430 \u0434\u043e\u043c\u0430 | AGENZIA Maistori\u00ae\",\"isPartOf\":{\"@id\":\"https:\\\/\\\/agenzia.bg\\\/#website\"},\"datePublished\":\"2026-01-13T01:41:20+00:00\",\"dateModified\":\"2026-02-09T22:28:52+00:00\",\"description\":\"\u041d\u0430\u0434\u0435\u0436\u0434\u043d\u0438 \u043c\u0430\u0439\u0441\u0442\u043e\u0440\u0438 \u0437\u0430 \u0440\u0435\u043c\u043e\u043d\u0442 \u0438 \u0438\u043d\u0442\u0435\u0440\u0438\u043e\u0440\u043d\u0438 \u043f\u0440\u043e\u0435\u043a\u0442\u0438. \u0411\u044a\u0440\u0437\u0430 \u0432\u0440\u044a\u0437\u043a\u0430, \u043f\u0440\u043e\u0432\u0435\u0440\u0435\u043d\u0438 \u0441\u043f\u0435\u0446\u0438\u0430\u043b\u0438\u0441\u0442\u0438 \u0438 \u043a\u0430\u0447\u0435\u0441\u0442\u0432\u0435\u043d\u043e \u0438\u0437\u043f\u044a\u043b\u043d\u0435\u043d\u0438\u0435. AGENZIA Maistori\u00ae.\",\"breadcrumb\":{\"@id\":\"https:\\\/\\\/agenzia.bg\\\/tochen-maistor\\\/#breadcrumb\"},\"inLanguage\":\"fr-FR\",\"potentialAction\":[{\"@type\":\"ReadAction\",\"target\":[\"https:\\\/\\\/agenzia.bg\\\/tochen-maistor\\\/\"]}]},{\"@type\":\"BreadcrumbList\",\"@id\":\"https:\\\/\\\/agenzia.bg\\\/tochen-maistor\\\/#breadcrumb\",\"itemListElement\":[{\"@type\":\"ListItem\",\"position\":1,\"name\":\"Home\",\"item\":\"https:\\\/\\\/agenzia.bg\\\/\"},{\"@type\":\"ListItem\",\"position\":2,\"name\":\"\u0422\u043e\u0447\u0435\u043d \u043c\u0430\u0439\u0441\u0442\u043e\u0440\"}]},{\"@type\":\"WebSite\",\"@id\":\"https:\\\/\\\/agenzia.bg\\\/#website\",\"url\":\"https:\\\/\\\/agenzia.bg\\\/\",\"name\":\"agenzia.bg\",\"description\":\"\",\"potentialAction\":[{\"@type\":\"SearchAction\",\"target\":{\"@type\":\"EntryPoint\",\"urlTemplate\":\"https:\\\/\\\/agenzia.bg\\\/?s={search_term_string}\"},\"query-input\":{\"@type\":\"PropertyValueSpecification\",\"valueRequired\":true,\"valueName\":\"search_term_string\"}}],\"inLanguage\":\"fr-FR\"}]}<\/script>\n<!-- \/ Yoast SEO Premium plugin. -->","yoast_head_json":{"title":"AGENZIA Maistori\u00ae, une base de donn\u00e9es pr\u00e9cise sur la maison.","description":"Des artisans fiables pour les projets de r\u00e9novation et d'int\u00e9rieur. Communication rapide, professionnels contr\u00f4l\u00e9s et travail de qualit\u00e9. AGENZIA Maistori\u00ae.","robots":{"index":"index","follow":"follow","max-snippet":"max-snippet:-1","max-image-preview":"max-image-preview:large","max-video-preview":"max-video-preview:-1"},"canonical":"https:\/\/agenzia.bg\/fr\/tochen-maistor\/","og_locale":"fr_FR","og_type":"article","og_title":"\u0422\u043e\u0447\u0435\u043d \u043c\u0430\u0439\u0441\u0442\u043e\u0440","og_description":"\u041d\u0430\u0434\u0435\u0436\u0434\u043d\u0438 \u043c\u0430\u0439\u0441\u0442\u043e\u0440\u0438 \u0437\u0430 \u0440\u0435\u043c\u043e\u043d\u0442 \u0438 \u0438\u043d\u0442\u0435\u0440\u0438\u043e\u0440\u043d\u0438 \u043f\u0440\u043e\u0435\u043a\u0442\u0438. \u0411\u044a\u0440\u0437\u0430 \u0432\u0440\u044a\u0437\u043a\u0430, \u043f\u0440\u043e\u0432\u0435\u0440\u0435\u043d\u0438 \u0441\u043f\u0435\u0446\u0438\u0430\u043b\u0438\u0441\u0442\u0438 \u0438 \u043a\u0430\u0447\u0435\u0441\u0442\u0432\u0435\u043d\u043e \u0438\u0437\u043f\u044a\u043b\u043d\u0435\u043d\u0438\u0435. AGENZIA Maistori\u00ae.","og_url":"https:\/\/agenzia.bg\/fr\/tochen-maistor\/","og_site_name":"agenzia.bg","article_modified_time":"2026-02-09T22:28:52+00:00","twitter_card":"summary_large_image","twitter_misc":{"Dur\u00e9e de lecture estim\u00e9e":"1 minute"},"schema":{"@context":"https:\/\/schema.org","@graph":[{"@type":"WebPage","@id":"https:\/\/agenzia.bg\/tochen-maistor\/","url":"https:\/\/agenzia.bg\/tochen-maistor\/","name":"AGENZIA Maistori\u00ae, une base de donn\u00e9es pr\u00e9cise sur la maison.","isPartOf":{"@id":"https:\/\/agenzia.bg\/#website"},"datePublished":"2026-01-13T01:41:20+00:00","dateModified":"2026-02-09T22:28:52+00:00","description":"Des artisans fiables pour les projets de r\u00e9novation et d'int\u00e9rieur. Communication rapide, professionnels contr\u00f4l\u00e9s et travail de qualit\u00e9. AGENZIA Maistori\u00ae.","breadcrumb":{"@id":"https:\/\/agenzia.bg\/tochen-maistor\/#breadcrumb"},"inLanguage":"fr-FR","potentialAction":[{"@type":"ReadAction","target":["https:\/\/agenzia.bg\/tochen-maistor\/"]}]},{"@type":"BreadcrumbList","@id":"https:\/\/agenzia.bg\/tochen-maistor\/#breadcrumb","itemListElement":[{"@type":"ListItem","position":1,"name":"Home","item":"https:\/\/agenzia.bg\/"},{"@type":"ListItem","position":2,"name":"\u0422\u043e\u0447\u0435\u043d \u043c\u0430\u0439\u0441\u0442\u043e\u0440"}]},{"@type":"WebSite","@id":"https:\/\/agenzia.bg\/#website","url":"https:\/\/agenzia.bg\/","name":"maroon-porpoise-135157.hostersite.com","description":"","potentialAction":[{"@type":"SearchAction","target":{"@type":"EntryPoint","urlTemplate":"https:\/\/agenzia.bg\/?s={search_term_string}"},"query-input":{"@type":"PropertyValueSpecification","valueRequired":true,"valueName":"search_term_string"}}],"inLanguage":"fr-FR"}]}},"_hostinger_reach_plugin_has_subscription_block":false,"_hostinger_reach_plugin_is_elementor":false,"_links":{"self":[{"href":"https:\/\/agenzia.bg\/fr\/wp-json\/wp\/v2\/pages\/22961","targetHints":{"allow":["GET"]}}],"collection":[{"href":"https:\/\/agenzia.bg\/fr\/wp-json\/wp\/v2\/pages"}],"about":[{"href":"https:\/\/agenzia.bg\/fr\/wp-json\/wp\/v2\/types\/page"}],"author":[{"embeddable":true,"href":"https:\/\/agenzia.bg\/fr\/wp-json\/wp\/v2\/users\/1"}],"replies":[{"embeddable":true,"href":"https:\/\/agenzia.bg\/fr\/wp-json\/wp\/v2\/comments?post=22961"}],"version-history":[{"count":0,"href":"https:\/\/agenzia.bg\/fr\/wp-json\/wp\/v2\/pages\/22961\/revisions"}],"wp:attachment":[{"href":"https:\/\/agenzia.bg\/fr\/wp-json\/wp\/v2\/media?parent=22961"}],"curies":[{"name":"wp","href":"https:\/\/api.w.org\/{rel}","templated":true}]}}