{"id":23011,"date":"2026-01-13T02:45:22","date_gmt":"2026-01-13T02:45:22","guid":{"rendered":"https:\/\/agenzia.bg\/?page_id=23011"},"modified":"2026-02-10T00:51:54","modified_gmt":"2026-02-09T22:51:54","slug":"salle-de-marche-vip","status":"publish","type":"page","link":"https:\/\/agenzia.bg\/fr\/salle-de-marche-vip\/","title":{"rendered":"VIP DEAL ROOM"},"content":{"rendered":"<div data-elementor-type=\"wp-page\" data-elementor-id=\"23011\" class=\"elementor elementor-23011\" data-elementor-post-type=\"page\">\n\t\t\t\t<div class=\"elementor-element elementor-element-2df20f40 e-con-full e-flex e-con e-parent\" data-id=\"2df20f40\" data-element_type=\"container\" data-e-type=\"container\" data-settings=\"{&quot;background_background&quot;:&quot;classic&quot;}\">\n\t\t<div class=\"elementor-element elementor-element-4da4c5ee e-con-full e-flex e-con e-child\" data-id=\"4da4c5ee\" data-element_type=\"container\" data-e-type=\"container\">\n\t\t<div class=\"elementor-element elementor-element-38dbd96f e-flex e-con-boxed e-con e-child\" data-id=\"38dbd96f\" data-element_type=\"container\" data-e-type=\"container\">\n\t\t\t\t\t<div class=\"e-con-inner\">\n\t\t<div class=\"elementor-element elementor-element-56f6c3d9 e-flex e-con-boxed e-con e-child\" data-id=\"56f6c3d9\" data-element_type=\"container\" data-e-type=\"container\">\n\t\t\t\t\t<div class=\"e-con-inner\">\n\t\t\t\t<div class=\"elementor-element elementor-element-7bb2ca3b elementor-view-default elementor-widget elementor-widget-icon\" data-id=\"7bb2ca3b\" data-element_type=\"widget\" data-e-type=\"widget\" data-widget_type=\"icon.default\">\n\t\t\t\t\t\t\t<div class=\"elementor-icon-wrapper\">\n\t\t\t<div class=\"elementor-icon\">\n\t\t\t<svg xmlns=\"http:\/\/www.w3.org\/2000\/svg\" width=\"800px\" height=\"800px\" viewbox=\"0 0 24 24\"><g><path fill=\"none\" d=\"M0 0h24v24H0z\"><\/path><path d=\"M12 22C6.477 22 2 17.523 2 12S6.477 2 12 2s10 4.477 10 10-4.477 10-10 10zm0-2a8 8 0 1 0 0-16 8 8 0 0 0 0 16z\"><\/path><\/g><\/svg>\t\t\t<\/div>\n\t\t<\/div>\n\t\t\t\t\t\t<\/div>\n\t\t\t\t<div class=\"elementor-element elementor-element-572e9db elementor-widget elementor-widget-heading\" data-id=\"572e9db\" data-element_type=\"widget\" data-e-type=\"widget\" data-widget_type=\"heading.default\">\n\t\t\t\t\t<h2 class=\"elementor-heading-title elementor-size-default\">EXCLUSIF<\/h2>\t\t\t\t<\/div>\n\t\t\t\t\t<\/div>\n\t\t\t\t<\/div>\n\t\t<div class=\"elementor-element elementor-element-41fac2b9 e-flex e-con-boxed e-con e-child\" data-id=\"41fac2b9\" data-element_type=\"container\" data-e-type=\"container\">\n\t\t\t\t\t<div class=\"e-con-inner\">\n\t\t\t\t<div class=\"elementor-element elementor-element-78e402f5 elementor-invisible elementor-widget elementor-widget-heading\" data-id=\"78e402f5\" data-element_type=\"widget\" data-e-type=\"widget\" data-settings=\"{&quot;_animation&quot;:&quot;fadeIn&quot;}\" data-widget_type=\"heading.default\">\n\t\t\t\t\t<h2 class=\"elementor-heading-title elementor-size-default\">Vous \u00eates d\u00e9j\u00e0 un de nos clients dans le secteur de l'immobilier ?<\/h2>\t\t\t\t<\/div>\n\t\t\t\t<div class=\"elementor-element elementor-element-23f204f8 elementor-invisible elementor-widget elementor-widget-heading\" data-id=\"23f204f8\" data-element_type=\"widget\" data-e-type=\"widget\" data-settings=\"{&quot;_animation&quot;:&quot;fadeIn&quot;}\" data-widget_type=\"heading.default\">\n\t\t\t\t\t<p class=\"elementor-heading-title elementor-size-default\">Vous pouvez y suivre l'\u00e9tat de votre transaction et mettre \u00e0 jour tous les documents n\u00e9cessaires au processus d'achat et de location.<\/p>\t\t\t\t<\/div>\n\t\t\t\t<div class=\"elementor-element elementor-element-988931b elementor-mobile-align-center elementor-tablet-align-center elementor-align-center open-register elementor-widget elementor-widget-button\" data-id=\"988931b\" data-element_type=\"widget\" data-e-type=\"widget\" data-widget_type=\"button.default\">\n\t\t\t\t\t\t\t\t\t\t<a class=\"elementor-button elementor-size-sm\" role=\"button\">\n\t\t\t\t\t\t<span class=\"elementor-button-content-wrapper\">\n\t\t\t\t\t\t\t\t\t<span class=\"elementor-button-text\">Rejoindre<\/span>\n\t\t\t\t\t<\/span>\n\t\t\t\t\t<\/a>\n\t\t\t\t\t\t\t\t<\/div>\n\t\t\t\t<div class=\"elementor-element elementor-element-9a07418 elementor-invisible elementor-widget elementor-widget-heading\" data-id=\"9a07418\" data-element_type=\"widget\" data-e-type=\"widget\" data-settings=\"{&quot;_animation&quot;:&quot;fadeIn&quot;}\" data-widget_type=\"heading.default\">\n\t\t\t\t\t<p class=\"elementor-heading-title elementor-size-default\">AGENZIA travaille avec loyaut\u00e9 et confiance pour chacun de ses clients.  Nous avons cr\u00e9\u00e9 une VIP DEAL ROOM , afin que vous puissiez \u00e9galement y b\u00e9n\u00e9ficier de notre AGENZIA BONUS CARD - un programme avec des conditions pr\u00e9f\u00e9rentielles pour chacun de nos services et ceux de nos partenaires de confiance.\n\nPour chaque service fourni, vous recevez votre AGENZIA BONUS CARD \u00e9lectronique. Elle vous aidera \u00e0 rendre votre maison encore plus belle et plus s\u00fbre.<\/p>\t\t\t\t<\/div>\n\t\t<div class=\"elementor-element elementor-element-8d3703b e-con-full e-flex e-con e-child\" data-id=\"8d3703b\" data-element_type=\"container\" data-e-type=\"container\">\n\t\t\t\t<div class=\"elementor-element elementor-element-850f903 elementor-widget__width-inherit elementor-widget elementor-widget-heading\" data-id=\"850f903\" data-element_type=\"widget\" data-e-type=\"widget\" data-widget_type=\"heading.default\">\n\t\t\t\t\t<h2 class=\"elementor-heading-title elementor-size-default\">Avec nos remerciements,<\/h2>\t\t\t\t<\/div>\n\t\t\t\t<div class=\"elementor-element elementor-element-f8c1fc4 elementor-widget__width-inherit elementor-widget elementor-widget-image\" data-id=\"f8c1fc4\" data-element_type=\"widget\" data-e-type=\"widget\" data-widget_type=\"image.default\">\n\t\t\t\t\t\t\t\t\t\t\t\t\t\t\t<img fetchpriority=\"high\" decoding=\"async\" width=\"1024\" height=\"1024\" src=\"https:\/\/agenzia.bg\/wp-content\/uploads\/2026\/01\/viber_image_2026-01-16_15-04-24-274.webp\" class=\"attachment-full size-full wp-image-24080\" alt=\"\" srcset=\"https:\/\/agenzia.bg\/wp-content\/uploads\/2026\/01\/viber_image_2026-01-16_15-04-24-274.webp 1024w, https:\/\/agenzia.bg\/wp-content\/uploads\/2026\/01\/viber_image_2026-01-16_15-04-24-274-300x300.webp 300w, https:\/\/agenzia.bg\/wp-content\/uploads\/2026\/01\/viber_image_2026-01-16_15-04-24-274-150x150.webp 150w, https:\/\/agenzia.bg\/wp-content\/uploads\/2026\/01\/viber_image_2026-01-16_15-04-24-274-768x768.webp 768w, https:\/\/agenzia.bg\/wp-content\/uploads\/2026\/01\/viber_image_2026-01-16_15-04-24-274-12x12.webp 12w, https:\/\/agenzia.bg\/wp-content\/uploads\/2026\/01\/viber_image_2026-01-16_15-04-24-274-120x120.webp 120w, https:\/\/agenzia.bg\/wp-content\/uploads\/2026\/01\/viber_image_2026-01-16_15-04-24-274-45x45.webp 45w, https:\/\/agenzia.bg\/wp-content\/uploads\/2026\/01\/viber_image_2026-01-16_15-04-24-274-36x36.webp 36w\" sizes=\"(max-width: 1024px) 100vw, 1024px\" \/>\t\t\t\t\t\t\t\t\t\t\t\t\t\t\t<\/div>\n\t\t\t\t<\/div>\n\t\t\t\t\t<\/div>\n\t\t\t\t<\/div>\n\t\t\t\t\t<\/div>\n\t\t\t\t<\/div>\n\t\t\t\t<\/div>\n\t\t<div class=\"elementor-element elementor-element-2202fe e-con-full e-flex e-con e-child\" data-id=\"2202fe\" data-element_type=\"container\" data-e-type=\"container\">\n\t\t<div class=\"elementor-element elementor-element-53f6372 e-con-full e-flex e-con e-child\" data-id=\"53f6372\" data-element_type=\"container\" data-e-type=\"container\" data-settings=\"{&quot;background_background&quot;:&quot;classic&quot;}\">\n\t\t\t\t<div class=\"elementor-element elementor-element-21f2c80 elementor-widget elementor-widget-heading\" data-id=\"21f2c80\" data-element_type=\"widget\" data-e-type=\"widget\" data-widget_type=\"heading.default\">\n\t\t\t\t\t<h2 class=\"elementor-heading-title elementor-size-default\"><a href=\"https:\/\/agenzia.bg\/fr\/liste-des-biens-tous-les-biens-acheter\/\">Immobilier<\/a><\/h2>\t\t\t\t<\/div>\n\t\t\t\t<\/div>\n\t\t<div class=\"elementor-element elementor-element-59a2172 e-con-full e-flex e-con e-child\" data-id=\"59a2172\" data-element_type=\"container\" data-e-type=\"container\" data-settings=\"{&quot;background_background&quot;:&quot;classic&quot;}\">\n\t\t\t\t<div class=\"elementor-element elementor-element-5a79cd2 elementor-widget elementor-widget-heading\" data-id=\"5a79cd2\" data-element_type=\"widget\" data-e-type=\"widget\" data-widget_type=\"heading.default\">\n\t\t\t\t\t<h2 class=\"elementor-heading-title elementor-size-default\"><a href=\"https:\/\/agenzia.bg\/fr\/%d0%b7%d0%b0%d1%81%d1%82%d1%80%d0%b0%d1%85%d0%be%d0%b2%d0%b0%d0%bd%d0%b5\/\">Assurances<\/a><\/h2>\t\t\t\t<\/div>\n\t\t\t\t<\/div>\n\t\t<div class=\"elementor-element elementor-element-5c10e0a e-con-full e-flex e-con e-child\" data-id=\"5c10e0a\" data-element_type=\"container\" data-e-type=\"container\" data-settings=\"{&quot;background_background&quot;:&quot;classic&quot;}\">\n\t\t\t\t<div class=\"elementor-element elementor-element-4275569 elementor-widget elementor-widget-heading\" data-id=\"4275569\" data-element_type=\"widget\" data-e-type=\"widget\" data-widget_type=\"heading.default\">\n\t\t\t\t\t<h2 class=\"elementor-heading-title elementor-size-default\"><a href=\"https:\/\/agenzia.bg\/fr\/interieur\/\">Int\u00e9rieur<\/a><\/h2>\t\t\t\t<\/div>\n\t\t\t\t<\/div>\n\t\t\t\t<\/div>\n\t\t\t\t<\/div>\n\t\t\t\t<\/div>","protected":false},"excerpt":{"rendered":"<p>EXCLUSIVE \u0412\u0435\u0447\u0435 \u0441\u0442\u0435 \u043d\u0430\u0448 \u043a\u043b\u0438\u0435\u043d\u0442 \u0432 \u043d\u0430\u043f\u0440\u0430\u0432\u043b\u0435\u043d\u0438\u0435 \u043d\u0430 \u043d\u0435\u0434\u0432\u0438\u0436\u0438\u043c\u0438 \u0438\u043c\u043e\u0442\u0438? \u0422\u0443\u043a \u043c\u043e\u0436\u0435\u0442\u0435 \u0434\u0430 \u043f\u0440\u043e\u0441\u043b\u0435\u0434\u0438\u0442\u0435 \u0441\u0442\u0430\u0442\u0443\u0441\u0430 \u043d\u0430 \u0432\u0430\u0448\u0430\u0442\u0430 \u0441\u0434\u0435\u043b\u043a\u0430 \u0438 \u0434\u0430 \u0430\u043a\u0442\u0443\u0430\u043b\u0438\u0437\u0438\u0440\u0430\u0442\u0435 \u0432\u0441\u0435\u043a\u0438 \u043d\u0435\u043e\u0431\u0445\u043e\u0434\u0438\u043c \u0434\u043e\u043a\u0443\u043c\u0435\u043d\u0442 \u0432 \u043f\u0440\u043e\u0446\u0435\u0441\u0430 \u043d\u0430 \u043f\u043e\u043a\u0443\u043f\u043a\u043e-\u043f\u0440\u043e\u0434\u0430\u0436\u0431\u0430 \u0438 \u043d\u0430\u0435\u043c. \u041f\u0440\u0438\u0441\u044a\u0435\u0434\u0438\u043d\u0435\u0442\u0435 \u0441\u0435 AGENZIA \u0440\u0430\u0431\u043e\u0442\u0438 \u0441 \u043b\u043e\u044f\u043b\u043d\u043e\u0441\u0442 \u0438 \u0434\u043e\u0432\u0435\u0440\u0438\u0435 \u043a\u044a\u043c \u0432\u0441\u0435\u043a\u0438 \u0441\u0432\u043e\u0439 \u043a\u043b\u0438\u0435\u043d\u0442. &nbsp;\u0421\u044a\u0437\u0434\u0430\u0434\u043e\u0445\u043c\u0435 VIP DEAL ROOM , \u0442\u0430\u043a\u0430 \u0447\u0435 \u043d\u0430 \u0442\u043e\u0432\u0430 \u043c\u044f\u0441\u0442\u043e \u0434\u0430 \u0441\u0435 \u0432\u044a\u0437\u043f\u043e\u043b\u0437\u0432\u0430\u0442\u0435 \u0438 \u043e\u0442 \u043d\u0430\u0448\u0430\u0442\u0430 AGENZIA BONUS CARD \u2013 \u043f\u0440\u043e\u0433\u0440\u0430\u043c\u0430 \u0441 &#8230;<\/p>","protected":false},"author":1,"featured_media":0,"parent":0,"menu_order":0,"comment_status":"closed","ping_status":"closed","template":"elementor_header_footer","meta":{"_acf_changed":false,"inline_featured_image":false,"footnotes":""},"class_list":["post-23011","page","type-page","status-publish","hentry"],"acf":[],"yoast_head":"<!-- This site is optimized with the Yoast SEO Premium plugin v25.1 (Yoast SEO v27.4) - https:\/\/yoast.com\/product\/yoast-seo-premium-wordpress\/ -->\n<title>VIP Deal Room | \u041a\u043b\u0438\u0435\u043d\u0442\u0441\u043a\u0438 \u043f\u043e\u0440\u0442\u0430\u043b \u0437\u0430 \u0438\u043c\u043e\u0442\u043d\u0438 \u0441\u0434\u0435\u043b\u043a\u0438 | AGENZIA<\/title>\n<meta name=\"description\" content=\"VIP Deal Room \u043d\u0430 AGENZIA \u2013 \u043f\u0440\u043e\u0441\u043b\u0435\u0434\u0435\u0442\u0435 \u0441\u0434\u0435\u043b\u043a\u0430\u0442\u0430 \u0441\u0438, \u043a\u0430\u0447\u0432\u0430\u0439\u0442\u0435 \u0434\u043e\u043a\u0443\u043c\u0435\u043d\u0442\u0438 \u0438 \u0441\u0435 \u0432\u044a\u0437\u043f\u043e\u043b\u0437\u0432\u0430\u0439\u0442\u0435 \u043e\u0442 AGENZIA BONUS CARD \u0441 \u043f\u0440\u0435\u0444\u0435\u0440\u0435\u043d\u0446\u0438\u0430\u043b\u043d\u0438 \u0443\u0441\u043b\u043e\u0432\u0438\u044f.\" \/>\n<meta name=\"robots\" content=\"index, follow, max-snippet:-1, max-image-preview:large, max-video-preview:-1\" \/>\n<link rel=\"canonical\" href=\"https:\/\/agenzia.bg\/fr\/salle-de-marche-vip\/\" \/>\n<meta property=\"og:locale\" content=\"fr_FR\" \/>\n<meta property=\"og:type\" content=\"article\" \/>\n<meta property=\"og:title\" content=\"VIP DEAL ROOM\" \/>\n<meta property=\"og:description\" content=\"VIP Deal Room \u043d\u0430 AGENZIA \u2013 \u043f\u0440\u043e\u0441\u043b\u0435\u0434\u0435\u0442\u0435 \u0441\u0434\u0435\u043b\u043a\u0430\u0442\u0430 \u0441\u0438, \u043a\u0430\u0447\u0432\u0430\u0439\u0442\u0435 \u0434\u043e\u043a\u0443\u043c\u0435\u043d\u0442\u0438 \u0438 \u0441\u0435 \u0432\u044a\u0437\u043f\u043e\u043b\u0437\u0432\u0430\u0439\u0442\u0435 \u043e\u0442 AGENZIA BONUS CARD \u0441 \u043f\u0440\u0435\u0444\u0435\u0440\u0435\u043d\u0446\u0438\u0430\u043b\u043d\u0438 \u0443\u0441\u043b\u043e\u0432\u0438\u044f.\" \/>\n<meta property=\"og:url\" content=\"https:\/\/agenzia.bg\/fr\/salle-de-marche-vip\/\" \/>\n<meta property=\"og:site_name\" content=\"agenzia.bg\" \/>\n<meta property=\"article:modified_time\" content=\"2026-02-09T22:51:54+00:00\" \/>\n<meta property=\"og:image\" content=\"https:\/\/agenzia.bg\/wp-content\/uploads\/2026\/01\/viber_image_2026-01-16_15-04-24-274.webp\" \/>\n<meta name=\"twitter:card\" content=\"summary_large_image\" \/>\n<meta name=\"twitter:label1\" content=\"Dur\u00e9e de lecture estim\u00e9e\" \/>\n\t<meta name=\"twitter:data1\" content=\"1 minute\" \/>\n<script type=\"application\/ld+json\" class=\"yoast-schema-graph\">{\"@context\":\"https:\\\/\\\/schema.org\",\"@graph\":[{\"@type\":\"WebPage\",\"@id\":\"https:\\\/\\\/agenzia.bg\\\/vip-deal-room\\\/\",\"url\":\"https:\\\/\\\/agenzia.bg\\\/vip-deal-room\\\/\",\"name\":\"VIP Deal Room | \u041a\u043b\u0438\u0435\u043d\u0442\u0441\u043a\u0438 \u043f\u043e\u0440\u0442\u0430\u043b \u0437\u0430 \u0438\u043c\u043e\u0442\u043d\u0438 \u0441\u0434\u0435\u043b\u043a\u0438 | AGENZIA\",\"isPartOf\":{\"@id\":\"https:\\\/\\\/agenzia.bg\\\/#website\"},\"primaryImageOfPage\":{\"@id\":\"https:\\\/\\\/agenzia.bg\\\/vip-deal-room\\\/#primaryimage\"},\"image\":{\"@id\":\"https:\\\/\\\/agenzia.bg\\\/vip-deal-room\\\/#primaryimage\"},\"thumbnailUrl\":\"https:\\\/\\\/agenzia.bg\\\/wp-content\\\/uploads\\\/2026\\\/01\\\/viber_image_2026-01-16_15-04-24-274.webp\",\"datePublished\":\"2026-01-13T02:45:22+00:00\",\"dateModified\":\"2026-02-09T22:51:54+00:00\",\"description\":\"VIP Deal Room \u043d\u0430 AGENZIA \u2013 \u043f\u0440\u043e\u0441\u043b\u0435\u0434\u0435\u0442\u0435 \u0441\u0434\u0435\u043b\u043a\u0430\u0442\u0430 \u0441\u0438, \u043a\u0430\u0447\u0432\u0430\u0439\u0442\u0435 \u0434\u043e\u043a\u0443\u043c\u0435\u043d\u0442\u0438 \u0438 \u0441\u0435 \u0432\u044a\u0437\u043f\u043e\u043b\u0437\u0432\u0430\u0439\u0442\u0435 \u043e\u0442 AGENZIA BONUS CARD \u0441 \u043f\u0440\u0435\u0444\u0435\u0440\u0435\u043d\u0446\u0438\u0430\u043b\u043d\u0438 \u0443\u0441\u043b\u043e\u0432\u0438\u044f.\",\"breadcrumb\":{\"@id\":\"https:\\\/\\\/agenzia.bg\\\/vip-deal-room\\\/#breadcrumb\"},\"inLanguage\":\"fr-FR\",\"potentialAction\":[{\"@type\":\"ReadAction\",\"target\":[\"https:\\\/\\\/agenzia.bg\\\/vip-deal-room\\\/\"]}]},{\"@type\":\"ImageObject\",\"inLanguage\":\"fr-FR\",\"@id\":\"https:\\\/\\\/agenzia.bg\\\/vip-deal-room\\\/#primaryimage\",\"url\":\"https:\\\/\\\/agenzia.bg\\\/wp-content\\\/uploads\\\/2026\\\/01\\\/viber_image_2026-01-16_15-04-24-274.webp\",\"contentUrl\":\"https:\\\/\\\/agenzia.bg\\\/wp-content\\\/uploads\\\/2026\\\/01\\\/viber_image_2026-01-16_15-04-24-274.webp\"},{\"@type\":\"BreadcrumbList\",\"@id\":\"https:\\\/\\\/agenzia.bg\\\/vip-deal-room\\\/#breadcrumb\",\"itemListElement\":[{\"@type\":\"ListItem\",\"position\":1,\"name\":\"Home\",\"item\":\"https:\\\/\\\/agenzia.bg\\\/\"},{\"@type\":\"ListItem\",\"position\":2,\"name\":\"VIP DEAL ROOM\"}]},{\"@type\":\"WebSite\",\"@id\":\"https:\\\/\\\/agenzia.bg\\\/#website\",\"url\":\"https:\\\/\\\/agenzia.bg\\\/\",\"name\":\"agenzia.bg\",\"description\":\"\",\"potentialAction\":[{\"@type\":\"SearchAction\",\"target\":{\"@type\":\"EntryPoint\",\"urlTemplate\":\"https:\\\/\\\/agenzia.bg\\\/?s={search_term_string}\"},\"query-input\":{\"@type\":\"PropertyValueSpecification\",\"valueRequired\":true,\"valueName\":\"search_term_string\"}}],\"inLanguage\":\"fr-FR\"}]}<\/script>\n<!-- \/ Yoast SEO Premium plugin. -->","yoast_head_json":{"title":"VIP Deal Room | Portail clients pour les transactions immobili\u00e8res | AGENZIA","description":"AGENZIA VIP Deal Room - suivez votre transaction, t\u00e9l\u00e9chargez des documents et b\u00e9n\u00e9ficiez de la carte AGENZIA BONUS CARD \u00e0 des conditions pr\u00e9f\u00e9rentielles.","robots":{"index":"index","follow":"follow","max-snippet":"max-snippet:-1","max-image-preview":"max-image-preview:large","max-video-preview":"max-video-preview:-1"},"canonical":"https:\/\/agenzia.bg\/fr\/salle-de-marche-vip\/","og_locale":"fr_FR","og_type":"article","og_title":"VIP DEAL ROOM","og_description":"VIP Deal Room \u043d\u0430 AGENZIA \u2013 \u043f\u0440\u043e\u0441\u043b\u0435\u0434\u0435\u0442\u0435 \u0441\u0434\u0435\u043b\u043a\u0430\u0442\u0430 \u0441\u0438, \u043a\u0430\u0447\u0432\u0430\u0439\u0442\u0435 \u0434\u043e\u043a\u0443\u043c\u0435\u043d\u0442\u0438 \u0438 \u0441\u0435 \u0432\u044a\u0437\u043f\u043e\u043b\u0437\u0432\u0430\u0439\u0442\u0435 \u043e\u0442 AGENZIA BONUS CARD \u0441 \u043f\u0440\u0435\u0444\u0435\u0440\u0435\u043d\u0446\u0438\u0430\u043b\u043d\u0438 \u0443\u0441\u043b\u043e\u0432\u0438\u044f.","og_url":"https:\/\/agenzia.bg\/fr\/salle-de-marche-vip\/","og_site_name":"agenzia.bg","article_modified_time":"2026-02-09T22:51:54+00:00","og_image":[{"url":"https:\/\/agenzia.bg\/wp-content\/uploads\/2026\/01\/viber_image_2026-01-16_15-04-24-274.webp","type":"","width":"","height":""}],"twitter_card":"summary_large_image","twitter_misc":{"Dur\u00e9e de lecture estim\u00e9e":"1 minute"},"schema":{"@context":"https:\/\/schema.org","@graph":[{"@type":"WebPage","@id":"https:\/\/agenzia.bg\/vip-deal-room\/","url":"https:\/\/agenzia.bg\/vip-deal-room\/","name":"VIP Deal Room | Portail clients pour les transactions immobili\u00e8res | AGENZIA","isPartOf":{"@id":"https:\/\/agenzia.bg\/#website"},"primaryImageOfPage":{"@id":"https:\/\/agenzia.bg\/vip-deal-room\/#primaryimage"},"image":{"@id":"https:\/\/agenzia.bg\/vip-deal-room\/#primaryimage"},"thumbnailUrl":"https:\/\/agenzia.bg\/wp-content\/uploads\/2026\/01\/viber_image_2026-01-16_15-04-24-274.webp","datePublished":"2026-01-13T02:45:22+00:00","dateModified":"2026-02-09T22:51:54+00:00","description":"AGENZIA VIP Deal Room - suivez votre transaction, t\u00e9l\u00e9chargez des documents et b\u00e9n\u00e9ficiez de la carte AGENZIA BONUS CARD \u00e0 des conditions pr\u00e9f\u00e9rentielles.","breadcrumb":{"@id":"https:\/\/agenzia.bg\/vip-deal-room\/#breadcrumb"},"inLanguage":"fr-FR","potentialAction":[{"@type":"ReadAction","target":["https:\/\/agenzia.bg\/vip-deal-room\/"]}]},{"@type":"ImageObject","inLanguage":"fr-FR","@id":"https:\/\/agenzia.bg\/vip-deal-room\/#primaryimage","url":"https:\/\/agenzia.bg\/wp-content\/uploads\/2026\/01\/viber_image_2026-01-16_15-04-24-274.webp","contentUrl":"https:\/\/agenzia.bg\/wp-content\/uploads\/2026\/01\/viber_image_2026-01-16_15-04-24-274.webp"},{"@type":"BreadcrumbList","@id":"https:\/\/agenzia.bg\/vip-deal-room\/#breadcrumb","itemListElement":[{"@type":"ListItem","position":1,"name":"Home","item":"https:\/\/agenzia.bg\/"},{"@type":"ListItem","position":2,"name":"VIP DEAL ROOM"}]},{"@type":"WebSite","@id":"https:\/\/agenzia.bg\/#website","url":"https:\/\/agenzia.bg\/","name":"maroon-porpoise-135157.hostersite.com","description":"","potentialAction":[{"@type":"SearchAction","target":{"@type":"EntryPoint","urlTemplate":"https:\/\/agenzia.bg\/?s={search_term_string}"},"query-input":{"@type":"PropertyValueSpecification","valueRequired":true,"valueName":"search_term_string"}}],"inLanguage":"fr-FR"}]}},"_hostinger_reach_plugin_has_subscription_block":false,"_hostinger_reach_plugin_is_elementor":false,"_links":{"self":[{"href":"https:\/\/agenzia.bg\/fr\/wp-json\/wp\/v2\/pages\/23011","targetHints":{"allow":["GET"]}}],"collection":[{"href":"https:\/\/agenzia.bg\/fr\/wp-json\/wp\/v2\/pages"}],"about":[{"href":"https:\/\/agenzia.bg\/fr\/wp-json\/wp\/v2\/types\/page"}],"author":[{"embeddable":true,"href":"https:\/\/agenzia.bg\/fr\/wp-json\/wp\/v2\/users\/1"}],"replies":[{"embeddable":true,"href":"https:\/\/agenzia.bg\/fr\/wp-json\/wp\/v2\/comments?post=23011"}],"version-history":[{"count":0,"href":"https:\/\/agenzia.bg\/fr\/wp-json\/wp\/v2\/pages\/23011\/revisions"}],"wp:attachment":[{"href":"https:\/\/agenzia.bg\/fr\/wp-json\/wp\/v2\/media?parent=23011"}],"curies":[{"name":"wp","href":"https:\/\/api.w.org\/{rel}","templated":true}]}}