{"id":23782,"date":"2026-01-15T22:17:36","date_gmt":"2026-01-15T22:17:36","guid":{"rendered":"https:\/\/agenzia.bg\/?page_id=23782"},"modified":"2026-02-10T00:44:22","modified_gmt":"2026-02-09T22:44:22","slug":"agence-pour-lexperience","status":"publish","type":"page","link":"https:\/\/agenzia.bg\/fr\/agence-pour-lexperience\/","title":{"rendered":"AGENZIA \u00c0 propos de l'art"},"content":{"rendered":"<div data-elementor-type=\"wp-page\" data-elementor-id=\"23782\" class=\"elementor elementor-23782\" data-elementor-post-type=\"page\">\n\t\t\t\t<div class=\"elementor-element elementor-element-2bea4a21 e-flex e-con-boxed e-con e-parent\" data-id=\"2bea4a21\" data-element_type=\"container\" data-e-type=\"container\" data-settings=\"{&quot;background_background&quot;:&quot;classic&quot;}\">\n\t\t\t\t\t<div class=\"e-con-inner\">\n\t\t<div class=\"elementor-element elementor-element-2dc45839 e-flex e-con-boxed e-con e-child\" data-id=\"2dc45839\" data-element_type=\"container\" data-e-type=\"container\" data-settings=\"{&quot;background_background&quot;:&quot;classic&quot;}\">\n\t\t\t\t\t<div class=\"e-con-inner\">\n\t\t<div class=\"elementor-element elementor-element-71df15fb e-flex e-con-boxed e-con e-child\" data-id=\"71df15fb\" data-element_type=\"container\" data-e-type=\"container\">\n\t\t\t\t\t<div class=\"e-con-inner\">\n\t\t<div class=\"elementor-element elementor-element-553adbf4 e-flex e-con-boxed e-con e-child\" data-id=\"553adbf4\" data-element_type=\"container\" data-e-type=\"container\">\n\t\t\t\t\t<div class=\"e-con-inner\">\n\t\t\t\t<div class=\"elementor-element elementor-element-6d32a9f elementor-widget elementor-widget-image\" data-id=\"6d32a9f\" data-element_type=\"widget\" data-e-type=\"widget\" data-widget_type=\"image.default\">\n\t\t\t\t\t\t\t\t\t\t\t\t\t\t\t<img decoding=\"async\" width=\"45\" height=\"45\" src=\"https:\/\/agenzia.bg\/wp-content\/uploads\/2026\/01\/AAAAPicture1-removebg-preview-1-45x45.png\" class=\"attachment-user_thumb size-user_thumb wp-image-22931\" alt=\"\" srcset=\"https:\/\/agenzia.bg\/wp-content\/uploads\/2026\/01\/AAAAPicture1-removebg-preview-1-45x45.png 45w, https:\/\/agenzia.bg\/wp-content\/uploads\/2026\/01\/AAAAPicture1-removebg-preview-1-140x143.png 140w, https:\/\/agenzia.bg\/wp-content\/uploads\/2026\/01\/AAAAPicture1-removebg-preview-1-120x120.png 120w, https:\/\/agenzia.bg\/wp-content\/uploads\/2026\/01\/AAAAPicture1-removebg-preview-1-36x36.png 36w, https:\/\/agenzia.bg\/wp-content\/uploads\/2026\/01\/elementor\/thumbs\/AAAAPicture1-removebg-preview-1-rhkgtsxg9hwwk44vqpa67fm7vii6t5j88jp95ndapg.png 50w, https:\/\/agenzia.bg\/wp-content\/uploads\/2026\/01\/elementor\/thumbs\/AAAAPicture1-removebg-preview-1-rhkgtsxg5419ebbiat71ztqdrs30xz7nnd8qjibkpc.png 40w\" sizes=\"(max-width: 45px) 100vw, 45px\" \/>\t\t\t\t\t\t\t\t\t\t\t\t\t\t\t<\/div>\n\t\t\t\t\t<\/div>\n\t\t\t\t<\/div>\n\t\t<div class=\"elementor-element elementor-element-487d11de e-flex e-con-boxed e-con e-child\" data-id=\"487d11de\" data-element_type=\"container\" data-e-type=\"container\">\n\t\t\t\t\t<div class=\"e-con-inner\">\n\t\t\t\t<div class=\"elementor-element elementor-element-8b9ad2e elementor-invisible elementor-widget elementor-widget-heading\" data-id=\"8b9ad2e\" data-element_type=\"widget\" data-e-type=\"widget\" data-settings=\"{&quot;_animation&quot;:&quot;fadeIn&quot;}\" data-widget_type=\"heading.default\">\n\t\t\t\t\t<h2 class=\"elementor-heading-title elementor-size-default\">L'art ne se limite pas \u00e0 la maison... \n<\/h2>\t\t\t\t<\/div>\n\t\t\t\t\t<\/div>\n\t\t\t\t<\/div>\n\t\t\t\t\t<\/div>\n\t\t\t\t<\/div>\n\t\t<div class=\"elementor-element elementor-element-2356f55f e-flex e-con-boxed e-con e-child\" data-id=\"2356f55f\" data-element_type=\"container\" data-e-type=\"container\">\n\t\t\t\t\t<div class=\"e-con-inner\">\n\t\t\t\t<div class=\"elementor-element elementor-element-294d48dc elementor-invisible elementor-widget elementor-widget-heading\" data-id=\"294d48dc\" data-element_type=\"widget\" data-e-type=\"widget\" data-settings=\"{&quot;_animation&quot;:&quot;fadeIn&quot;}\" data-widget_type=\"heading.default\">\n\t\t\t\t\t<p class=\"elementor-heading-title elementor-size-default\">Pour AGENZIA, l'art est plus qu'une vocation. Il est notre cause et il est dans chaque pens\u00e9e humaine \u00e0 travers laquelle le talent laisse des traces. <br><br>\nAGENZIA est n\u00e9e d'une cause, celle de cr\u00e9er de nouvelles causes pour que des talents divers puissent \u00eatre soutenus de mani\u00e8re r\u00e9fl\u00e9chie et au bon moment. \n<\/p>\t\t\t\t<\/div>\n\t\t\t\t\t<\/div>\n\t\t\t\t<\/div>\n\t\t\t\t\t<\/div>\n\t\t\t\t<\/div>\n\t\t<div class=\"elementor-element elementor-element-7199ce07 e-grid e-con-boxed e-con e-child\" data-id=\"7199ce07\" data-element_type=\"container\" data-e-type=\"container\" data-settings=\"{&quot;background_background&quot;:&quot;classic&quot;}\">\n\t\t\t\t\t<div class=\"e-con-inner\">\n\t\t<div class=\"elementor-element elementor-element-331d7943 e-con-full e-flex e-con e-child\" data-id=\"331d7943\" data-element_type=\"container\" data-e-type=\"container\">\n\t\t<div class=\"elementor-element elementor-element-441ff568 e-con-full e-flex e-con e-child\" data-id=\"441ff568\" data-element_type=\"container\" data-e-type=\"container\" data-settings=\"{&quot;background_background&quot;:&quot;classic&quot;}\">\n\t\t\t\t<\/div>\n\t\t\t\t<div class=\"elementor-element elementor-element-3e315dfe elementor-invisible elementor-widget elementor-widget-heading\" data-id=\"3e315dfe\" data-element_type=\"widget\" data-e-type=\"widget\" data-settings=\"{&quot;_animation&quot;:&quot;fadeIn&quot;}\" data-widget_type=\"heading.default\">\n\t\t\t\t\t<p class=\"elementor-heading-title elementor-size-default\">AGENZIA<br> sur la musique <\/p>\t\t\t\t<\/div>\n\t\t\t\t<div class=\"elementor-element elementor-element-146f3d42 elementor-invisible elementor-widget elementor-widget-heading\" data-id=\"146f3d42\" data-element_type=\"widget\" data-e-type=\"widget\" data-settings=\"{&quot;_animation&quot;:&quot;fadeIn&quot;}\" data-widget_type=\"heading.default\">\n\t\t\t\t\t<p class=\"elementor-heading-title elementor-size-default\">Au profit de la promotion de la musique jazz en Bulgarie, nous sommes toujours l\u00e0, o\u00f9 ce rythme r\u00e9sonne sur la sc\u00e8ne. <\/p>\t\t\t\t<\/div>\n\t\t\t\t<\/div>\n\t\t<div class=\"elementor-element elementor-element-694bc0a4 e-con-full e-flex e-con e-child\" data-id=\"694bc0a4\" data-element_type=\"container\" data-e-type=\"container\">\n\t\t<div class=\"elementor-element elementor-element-8184b67 e-con-full e-flex e-con e-child\" data-id=\"8184b67\" data-element_type=\"container\" data-e-type=\"container\" data-settings=\"{&quot;background_background&quot;:&quot;classic&quot;}\">\n\t\t\t\t<\/div>\n\t\t\t\t<div class=\"elementor-element elementor-element-40b4574 elementor-invisible elementor-widget elementor-widget-heading\" data-id=\"40b4574\" data-element_type=\"widget\" data-e-type=\"widget\" data-settings=\"{&quot;_animation&quot;:&quot;fadeIn&quot;}\" data-widget_type=\"heading.default\">\n\t\t\t\t\t<p class=\"elementor-heading-title elementor-size-default\">AGENZIA <br>sur la mode <\/p>\t\t\t\t<\/div>\n\t\t\t\t<div class=\"elementor-element elementor-element-252462ed elementor-invisible elementor-widget elementor-widget-heading\" data-id=\"252462ed\" data-element_type=\"widget\" data-e-type=\"widget\" data-settings=\"{&quot;_animation&quot;:&quot;fadeIn&quot;}\" data-widget_type=\"heading.default\">\n\t\t\t\t\t<p class=\"elementor-heading-title elementor-size-default\">Nous passons de l'aiguille au fil avec des cr\u00e9ateurs de mode bulgares qui apportent leurs cr\u00e9ations en France.<\/p>\t\t\t\t<\/div>\n\t\t\t\t<\/div>\n\t\t<div class=\"elementor-element elementor-element-6ddf2bb1 e-con-full e-flex e-con e-child\" data-id=\"6ddf2bb1\" data-element_type=\"container\" data-e-type=\"container\">\n\t\t<div class=\"elementor-element elementor-element-efd4081 e-con-full e-flex e-con e-child\" data-id=\"efd4081\" data-element_type=\"container\" data-e-type=\"container\" data-settings=\"{&quot;background_background&quot;:&quot;classic&quot;}\">\n\t\t\t\t<\/div>\n\t\t\t\t<div class=\"elementor-element elementor-element-1650de1d elementor-invisible elementor-widget elementor-widget-heading\" data-id=\"1650de1d\" data-element_type=\"widget\" data-e-type=\"widget\" data-settings=\"{&quot;_animation&quot;:&quot;fadeIn&quot;}\" data-widget_type=\"heading.default\">\n\t\t\t\t\t<p class=\"elementor-heading-title elementor-size-default\">AGENZIA <br>\u00e0 propos des peintures <\/p>\t\t\t\t<\/div>\n\t\t\t\t<div class=\"elementor-element elementor-element-7f4a9e2a elementor-invisible elementor-widget elementor-widget-heading\" data-id=\"7f4a9e2a\" data-element_type=\"widget\" data-e-type=\"widget\" data-settings=\"{&quot;_animation&quot;:&quot;fadeIn&quot;}\" data-widget_type=\"heading.default\">\n\t\t\t\t\t<p class=\"elementor-heading-title elementor-size-default\">Notre soci\u00e9t\u00e9 est n\u00e9e d'un amour pour les beaux-arts et nous aidons toujours les artistes et leurs chefs-d'\u0153uvre \u00e0 d\u00e9corer les \u00e9motions humaines.  <\/p>\t\t\t\t<\/div>\n\t\t\t\t<\/div>\n\t\t<div class=\"elementor-element elementor-element-199d5a7 e-con-full e-flex e-con e-child\" data-id=\"199d5a7\" data-element_type=\"container\" data-e-type=\"container\">\n\t\t<div class=\"elementor-element elementor-element-ba0e011 e-con-full e-flex e-con e-child\" data-id=\"ba0e011\" data-element_type=\"container\" data-e-type=\"container\" data-settings=\"{&quot;background_background&quot;:&quot;classic&quot;}\">\n\t\t\t\t<\/div>\n\t\t\t\t<div class=\"elementor-element elementor-element-15b1bc6 elementor-invisible elementor-widget elementor-widget-heading\" data-id=\"15b1bc6\" data-element_type=\"widget\" data-e-type=\"widget\" data-settings=\"{&quot;_animation&quot;:&quot;fadeIn&quot;}\" data-widget_type=\"heading.default\">\n\t\t\t\t\t<p class=\"elementor-heading-title elementor-size-default\">AGENZIA <br>pour le cin\u00e9ma <\/p>\t\t\t\t<\/div>\n\t\t\t\t<div class=\"elementor-element elementor-element-e3b29b9 elementor-invisible elementor-widget elementor-widget-heading\" data-id=\"e3b29b9\" data-element_type=\"widget\" data-e-type=\"widget\" data-settings=\"{&quot;_animation&quot;:&quot;fadeIn&quot;}\" data-widget_type=\"heading.default\">\n\t\t\t\t\t<p class=\"elementor-heading-title elementor-size-default\">Les histoires de coulisses sont l'une de nos activit\u00e9s pr\u00e9f\u00e9r\u00e9es, et nous sommes donc heureux de soutenir l'art cin\u00e9matographique. <\/p>\t\t\t\t<\/div>\n\t\t\t\t<\/div>\n\t\t<div class=\"elementor-element elementor-element-6db9671 e-con-full e-flex e-con e-child\" data-id=\"6db9671\" data-element_type=\"container\" data-e-type=\"container\">\n\t\t<div class=\"elementor-element elementor-element-ba073a0 e-con-full e-flex e-con e-child\" data-id=\"ba073a0\" data-element_type=\"container\" data-e-type=\"container\" data-settings=\"{&quot;background_background&quot;:&quot;classic&quot;}\">\n\t\t\t\t<\/div>\n\t\t\t\t<div class=\"elementor-element elementor-element-36d35c2 elementor-invisible elementor-widget elementor-widget-heading\" data-id=\"36d35c2\" data-element_type=\"widget\" data-e-type=\"widget\" data-settings=\"{&quot;_animation&quot;:&quot;fadeIn&quot;}\" data-widget_type=\"heading.default\">\n\t\t\t\t\t<p class=\"elementor-heading-title elementor-size-default\">Les enfants d'AGENZIA <\/p>\t\t\t\t<\/div>\n\t\t\t\t<div class=\"elementor-element elementor-element-852f4df elementor-invisible elementor-widget elementor-widget-heading\" data-id=\"852f4df\" data-element_type=\"widget\" data-e-type=\"widget\" data-settings=\"{&quot;_animation&quot;:&quot;fadeIn&quot;}\" data-widget_type=\"heading.default\">\n\t\t\t\t\t<p class=\"elementor-heading-title elementor-size-default\">Parce qu'ils sont notre pr\u00e9sent et notre avenir. AGENZIA est un partenaire majeur dans le d\u00e9veloppement des activit\u00e9s de l'association \u201ePLUSHY BEAR\u201c, qui aide les enfants d\u00e9favoris\u00e9s \u00e0 d\u00e9velopper leurs talents. <\/p>\t\t\t\t<\/div>\n\t\t\t\t<\/div>\n\t\t\t\t\t<\/div>\n\t\t\t\t<\/div>\n\t\t\t\t\t<\/div>\n\t\t\t\t<\/div>\n\t\t\t\t<\/div>","protected":false},"excerpt":{"rendered":"<p>\u0418\u0437\u043a\u0443\u0441\u0442\u0432\u043e \u043d\u0435 \u0441\u0430\u043c\u043e \u0432 \u0434\u043e\u043c\u0430&#8230; \u0417\u0430 AGENZIA \u0438\u0437\u043a\u0443\u0441\u0442\u0432\u043e\u0442\u043e \u0435 \u043f\u043e\u0432\u0435\u0447\u0435 \u043e\u0442 \u043f\u0440\u0438\u0437\u0432\u0430\u043d\u0438\u0435. \u0422\u043e \u0435 \u043d\u0430\u0448\u0430 \u043a\u0430\u0443\u0437\u0430 \u0438 \u0435 \u0432\u044a\u0432 \u0432\u0441\u044f\u043a\u0430 \u0447\u043e\u0432\u0435\u0448\u043a\u0430 \u043c\u0438\u0441\u044a\u043b, \u0447\u0440\u0435\u0437 \u043a\u043e\u044f\u0442\u043e \u0442\u0430\u043b\u0430\u043d\u0442\u044a\u0442 \u043e\u0441\u0442\u0430\u0432\u044f \u0441\u043b\u0435\u0434\u0438. AGENZIA e \u0440\u043e\u0434\u0435\u043d\u0430 \u0441 \u043a\u0430\u0443\u0437\u0430, \u0437\u0430 \u0434\u0430 \u0441\u044a\u0437\u0434\u0430\u0432\u0430 \u043d\u043e\u0432\u0438 \u043a\u0430\u0443\u0437\u0438, \u0442\u0430\u043a\u0430 \u0447\u0435 \u0440\u0430\u0437\u043d\u043e\u0440\u043e\u0434\u043d\u0438 \u0442\u0430\u043b\u0430\u043d\u0442\u0438 \u0434\u0430 \u0431\u044a\u0434\u0430\u0442 \u043f\u043e\u0434\u043f\u043e\u043c\u0430\u0433\u0430\u043d\u0438 \u0441 \u043c\u0438\u0441\u044a\u043b \u0438 \u0432 \u0442\u043e\u0447\u043d\u0438\u044f \u043c\u043e\u043c\u0435\u043d\u0442. AGENZIA \u0437\u0430 \u043c\u0443\u0437\u0438\u043a\u0430\u0442\u0430 \u0412 \u043f\u043e\u043b\u0437\u0430 \u043d\u0430 \u043f\u043e\u043f\u0443\u043b\u044f\u0440\u0438\u0437\u0438\u0440\u0430\u043d\u0435\u0442\u043e \u043d\u0430 Jazz \u043c\u0443\u0437\u0438\u043a\u0430\u0442\u0430 \u0432 \u0411\u044a\u043b\u0433\u0430\u0440\u0438\u044f, \u043d\u0438\u0435 \u0441\u043c\u0435 &#8230;<\/p>","protected":false},"author":1,"featured_media":0,"parent":0,"menu_order":0,"comment_status":"closed","ping_status":"closed","template":"elementor_header_footer","meta":{"_acf_changed":false,"inline_featured_image":false,"footnotes":""},"class_list":["post-23782","page","type-page","status-publish","hentry"],"acf":[],"yoast_head":"<!-- This site is optimized with the Yoast SEO Premium plugin v25.1 (Yoast SEO v27.4) - https:\/\/yoast.com\/product\/yoast-seo-premium-wordpress\/ -->\n<title>AGENZIA \u0438 \u0438\u0437\u043a\u0443\u0441\u0442\u0432\u043e\u0442\u043e | \u041a\u0430\u0443\u0437\u0430, \u043a\u0443\u043b\u0442\u0443\u0440\u0430 \u0438 \u043f\u043e\u0434\u043a\u0440\u0435\u043f\u0430 \u043d\u0430 \u0442\u0430\u043b\u0430\u043d\u0442\u0438<\/title>\n<meta name=\"description\" content=\"AGENZIA \u043f\u043e\u0434\u043a\u0440\u0435\u043f\u044f \u0438\u0437\u043a\u0443\u0441\u0442\u0432\u043e\u0442\u043e, \u043c\u0443\u0437\u0438\u043a\u0430\u0442\u0430, \u043c\u043e\u0434\u0430\u0442\u0430, \u043a\u0438\u043d\u043e\u0442\u043e \u0438 \u0434\u0435\u0446\u0430\u0442\u0430 \u0441 \u0442\u0430\u043b\u0430\u043d\u0442\u0438. \u041a\u0443\u043b\u0442\u0443\u0440\u0430\u0442\u0430 \u0435 \u043d\u0430\u0448\u0430 \u043a\u0430\u0443\u0437\u0430 \u0438 \u043c\u0438\u0441\u0438\u044f. \u0418\u0437\u043a\u0443\u0441\u0442\u0432\u043e \u043d\u0435 \u0441\u0430\u043c\u043e \u0432 \u0434\u043e\u043c\u0430\u2026\" \/>\n<meta name=\"robots\" content=\"index, follow, max-snippet:-1, max-image-preview:large, max-video-preview:-1\" \/>\n<link rel=\"canonical\" href=\"https:\/\/agenzia.bg\/fr\/agence-pour-lexperience\/\" \/>\n<meta property=\"og:locale\" content=\"fr_FR\" \/>\n<meta property=\"og:type\" content=\"article\" \/>\n<meta property=\"og:title\" content=\"AGENZIA \u0417\u0430 \u0418\u0437\u043a\u0443\u0441\u0442\u0432\u043e\u0442\u043e\" \/>\n<meta property=\"og:description\" content=\"AGENZIA \u043f\u043e\u0434\u043a\u0440\u0435\u043f\u044f \u0438\u0437\u043a\u0443\u0441\u0442\u0432\u043e\u0442\u043e, \u043c\u0443\u0437\u0438\u043a\u0430\u0442\u0430, \u043c\u043e\u0434\u0430\u0442\u0430, \u043a\u0438\u043d\u043e\u0442\u043e \u0438 \u0434\u0435\u0446\u0430\u0442\u0430 \u0441 \u0442\u0430\u043b\u0430\u043d\u0442\u0438. \u041a\u0443\u043b\u0442\u0443\u0440\u0430\u0442\u0430 \u0435 \u043d\u0430\u0448\u0430 \u043a\u0430\u0443\u0437\u0430 \u0438 \u043c\u0438\u0441\u0438\u044f. \u0418\u0437\u043a\u0443\u0441\u0442\u0432\u043e \u043d\u0435 \u0441\u0430\u043c\u043e \u0432 \u0434\u043e\u043c\u0430\u2026\" \/>\n<meta property=\"og:url\" content=\"https:\/\/agenzia.bg\/fr\/agence-pour-lexperience\/\" \/>\n<meta property=\"og:site_name\" content=\"agenzia.bg\" \/>\n<meta property=\"article:modified_time\" content=\"2026-02-09T22:44:22+00:00\" \/>\n<meta property=\"og:image\" content=\"https:\/\/agenzia.bg\/wp-content\/uploads\/2026\/01\/AAAAPicture1-removebg-preview-1-45x45.png\" \/>\n<meta name=\"twitter:card\" content=\"summary_large_image\" \/>\n<meta name=\"twitter:label1\" content=\"Dur\u00e9e de lecture estim\u00e9e\" \/>\n\t<meta name=\"twitter:data1\" content=\"2 minutes\" \/>\n<script type=\"application\/ld+json\" class=\"yoast-schema-graph\">{\"@context\":\"https:\\\/\\\/schema.org\",\"@graph\":[{\"@type\":\"WebPage\",\"@id\":\"https:\\\/\\\/agenzia.bg\\\/agenzia-za-izkustvoto\\\/\",\"url\":\"https:\\\/\\\/agenzia.bg\\\/agenzia-za-izkustvoto\\\/\",\"name\":\"AGENZIA \u0438 \u0438\u0437\u043a\u0443\u0441\u0442\u0432\u043e\u0442\u043e | \u041a\u0430\u0443\u0437\u0430, \u043a\u0443\u043b\u0442\u0443\u0440\u0430 \u0438 \u043f\u043e\u0434\u043a\u0440\u0435\u043f\u0430 \u043d\u0430 \u0442\u0430\u043b\u0430\u043d\u0442\u0438\",\"isPartOf\":{\"@id\":\"https:\\\/\\\/agenzia.bg\\\/#website\"},\"primaryImageOfPage\":{\"@id\":\"https:\\\/\\\/agenzia.bg\\\/agenzia-za-izkustvoto\\\/#primaryimage\"},\"image\":{\"@id\":\"https:\\\/\\\/agenzia.bg\\\/agenzia-za-izkustvoto\\\/#primaryimage\"},\"thumbnailUrl\":\"https:\\\/\\\/agenzia.bg\\\/wp-content\\\/uploads\\\/2026\\\/01\\\/AAAAPicture1-removebg-preview-1-45x45.png\",\"datePublished\":\"2026-01-15T22:17:36+00:00\",\"dateModified\":\"2026-02-09T22:44:22+00:00\",\"description\":\"AGENZIA \u043f\u043e\u0434\u043a\u0440\u0435\u043f\u044f \u0438\u0437\u043a\u0443\u0441\u0442\u0432\u043e\u0442\u043e, \u043c\u0443\u0437\u0438\u043a\u0430\u0442\u0430, \u043c\u043e\u0434\u0430\u0442\u0430, \u043a\u0438\u043d\u043e\u0442\u043e \u0438 \u0434\u0435\u0446\u0430\u0442\u0430 \u0441 \u0442\u0430\u043b\u0430\u043d\u0442\u0438. \u041a\u0443\u043b\u0442\u0443\u0440\u0430\u0442\u0430 \u0435 \u043d\u0430\u0448\u0430 \u043a\u0430\u0443\u0437\u0430 \u0438 \u043c\u0438\u0441\u0438\u044f. \u0418\u0437\u043a\u0443\u0441\u0442\u0432\u043e \u043d\u0435 \u0441\u0430\u043c\u043e \u0432 \u0434\u043e\u043c\u0430\u2026\",\"breadcrumb\":{\"@id\":\"https:\\\/\\\/agenzia.bg\\\/agenzia-za-izkustvoto\\\/#breadcrumb\"},\"inLanguage\":\"fr-FR\",\"potentialAction\":[{\"@type\":\"ReadAction\",\"target\":[\"https:\\\/\\\/agenzia.bg\\\/agenzia-za-izkustvoto\\\/\"]}]},{\"@type\":\"ImageObject\",\"inLanguage\":\"fr-FR\",\"@id\":\"https:\\\/\\\/agenzia.bg\\\/agenzia-za-izkustvoto\\\/#primaryimage\",\"url\":\"https:\\\/\\\/agenzia.bg\\\/wp-content\\\/uploads\\\/2026\\\/01\\\/AAAAPicture1-removebg-preview-1-45x45.png\",\"contentUrl\":\"https:\\\/\\\/agenzia.bg\\\/wp-content\\\/uploads\\\/2026\\\/01\\\/AAAAPicture1-removebg-preview-1-45x45.png\"},{\"@type\":\"BreadcrumbList\",\"@id\":\"https:\\\/\\\/agenzia.bg\\\/agenzia-za-izkustvoto\\\/#breadcrumb\",\"itemListElement\":[{\"@type\":\"ListItem\",\"position\":1,\"name\":\"Home\",\"item\":\"https:\\\/\\\/agenzia.bg\\\/\"},{\"@type\":\"ListItem\",\"position\":2,\"name\":\"AGENZIA \u0417\u0430 \u0418\u0437\u043a\u0443\u0441\u0442\u0432\u043e\u0442\u043e\"}]},{\"@type\":\"WebSite\",\"@id\":\"https:\\\/\\\/agenzia.bg\\\/#website\",\"url\":\"https:\\\/\\\/agenzia.bg\\\/\",\"name\":\"agenzia.bg\",\"description\":\"\",\"potentialAction\":[{\"@type\":\"SearchAction\",\"target\":{\"@type\":\"EntryPoint\",\"urlTemplate\":\"https:\\\/\\\/agenzia.bg\\\/?s={search_term_string}\"},\"query-input\":{\"@type\":\"PropertyValueSpecification\",\"valueRequired\":true,\"valueName\":\"search_term_string\"}}],\"inLanguage\":\"fr-FR\"}]}<\/script>\n<!-- \/ Yoast SEO Premium plugin. -->","yoast_head_json":{"title":"AGENZIA et art | Soutien \u00e0 la cause, \u00e0 la culture et au talent","description":"AGENZIA soutient l'art, la musique, la mode, le cin\u00e9ma et les enfants talentueux. La culture est notre cause et notre mission. L'art n'est pas seulement dans la maison...","robots":{"index":"index","follow":"follow","max-snippet":"max-snippet:-1","max-image-preview":"max-image-preview:large","max-video-preview":"max-video-preview:-1"},"canonical":"https:\/\/agenzia.bg\/fr\/agence-pour-lexperience\/","og_locale":"fr_FR","og_type":"article","og_title":"AGENZIA \u0417\u0430 \u0418\u0437\u043a\u0443\u0441\u0442\u0432\u043e\u0442\u043e","og_description":"AGENZIA \u043f\u043e\u0434\u043a\u0440\u0435\u043f\u044f \u0438\u0437\u043a\u0443\u0441\u0442\u0432\u043e\u0442\u043e, \u043c\u0443\u0437\u0438\u043a\u0430\u0442\u0430, \u043c\u043e\u0434\u0430\u0442\u0430, \u043a\u0438\u043d\u043e\u0442\u043e \u0438 \u0434\u0435\u0446\u0430\u0442\u0430 \u0441 \u0442\u0430\u043b\u0430\u043d\u0442\u0438. \u041a\u0443\u043b\u0442\u0443\u0440\u0430\u0442\u0430 \u0435 \u043d\u0430\u0448\u0430 \u043a\u0430\u0443\u0437\u0430 \u0438 \u043c\u0438\u0441\u0438\u044f. \u0418\u0437\u043a\u0443\u0441\u0442\u0432\u043e \u043d\u0435 \u0441\u0430\u043c\u043e \u0432 \u0434\u043e\u043c\u0430\u2026","og_url":"https:\/\/agenzia.bg\/fr\/agence-pour-lexperience\/","og_site_name":"agenzia.bg","article_modified_time":"2026-02-09T22:44:22+00:00","og_image":[{"url":"https:\/\/agenzia.bg\/wp-content\/uploads\/2026\/01\/AAAAPicture1-removebg-preview-1-45x45.png","type":"","width":"","height":""}],"twitter_card":"summary_large_image","twitter_misc":{"Dur\u00e9e de lecture estim\u00e9e":"2 minutes"},"schema":{"@context":"https:\/\/schema.org","@graph":[{"@type":"WebPage","@id":"https:\/\/agenzia.bg\/agenzia-za-izkustvoto\/","url":"https:\/\/agenzia.bg\/agenzia-za-izkustvoto\/","name":"AGENZIA et art | Soutien \u00e0 la cause, \u00e0 la culture et au talent","isPartOf":{"@id":"https:\/\/agenzia.bg\/#website"},"primaryImageOfPage":{"@id":"https:\/\/agenzia.bg\/agenzia-za-izkustvoto\/#primaryimage"},"image":{"@id":"https:\/\/agenzia.bg\/agenzia-za-izkustvoto\/#primaryimage"},"thumbnailUrl":"https:\/\/agenzia.bg\/wp-content\/uploads\/2026\/01\/AAAAPicture1-removebg-preview-1-45x45.png","datePublished":"2026-01-15T22:17:36+00:00","dateModified":"2026-02-09T22:44:22+00:00","description":"AGENZIA soutient l'art, la musique, la mode, le cin\u00e9ma et les enfants talentueux. La culture est notre cause et notre mission. L'art n'est pas seulement dans la maison...","breadcrumb":{"@id":"https:\/\/agenzia.bg\/agenzia-za-izkustvoto\/#breadcrumb"},"inLanguage":"fr-FR","potentialAction":[{"@type":"ReadAction","target":["https:\/\/agenzia.bg\/agenzia-za-izkustvoto\/"]}]},{"@type":"ImageObject","inLanguage":"fr-FR","@id":"https:\/\/agenzia.bg\/agenzia-za-izkustvoto\/#primaryimage","url":"https:\/\/agenzia.bg\/wp-content\/uploads\/2026\/01\/AAAAPicture1-removebg-preview-1-45x45.png","contentUrl":"https:\/\/agenzia.bg\/wp-content\/uploads\/2026\/01\/AAAAPicture1-removebg-preview-1-45x45.png"},{"@type":"BreadcrumbList","@id":"https:\/\/agenzia.bg\/agenzia-za-izkustvoto\/#breadcrumb","itemListElement":[{"@type":"ListItem","position":1,"name":"Home","item":"https:\/\/agenzia.bg\/"},{"@type":"ListItem","position":2,"name":"AGENZIA \u0417\u0430 \u0418\u0437\u043a\u0443\u0441\u0442\u0432\u043e\u0442\u043e"}]},{"@type":"WebSite","@id":"https:\/\/agenzia.bg\/#website","url":"https:\/\/agenzia.bg\/","name":"maroon-porpoise-135157.hostersite.com","description":"","potentialAction":[{"@type":"SearchAction","target":{"@type":"EntryPoint","urlTemplate":"https:\/\/agenzia.bg\/?s={search_term_string}"},"query-input":{"@type":"PropertyValueSpecification","valueRequired":true,"valueName":"search_term_string"}}],"inLanguage":"fr-FR"}]}},"_hostinger_reach_plugin_has_subscription_block":false,"_hostinger_reach_plugin_is_elementor":false,"_links":{"self":[{"href":"https:\/\/agenzia.bg\/fr\/wp-json\/wp\/v2\/pages\/23782","targetHints":{"allow":["GET"]}}],"collection":[{"href":"https:\/\/agenzia.bg\/fr\/wp-json\/wp\/v2\/pages"}],"about":[{"href":"https:\/\/agenzia.bg\/fr\/wp-json\/wp\/v2\/types\/page"}],"author":[{"embeddable":true,"href":"https:\/\/agenzia.bg\/fr\/wp-json\/wp\/v2\/users\/1"}],"replies":[{"embeddable":true,"href":"https:\/\/agenzia.bg\/fr\/wp-json\/wp\/v2\/comments?post=23782"}],"version-history":[{"count":0,"href":"https:\/\/agenzia.bg\/fr\/wp-json\/wp\/v2\/pages\/23782\/revisions"}],"wp:attachment":[{"href":"https:\/\/agenzia.bg\/fr\/wp-json\/wp\/v2\/media?parent=23782"}],"curies":[{"name":"wp","href":"https:\/\/api.w.org\/{rel}","templated":true}]}}