{"id":23831,"date":"2026-01-16T01:04:03","date_gmt":"2026-01-16T01:04:03","guid":{"rendered":"https:\/\/agenzia.bg\/?page_id=23831"},"modified":"2026-02-10T00:32:23","modified_gmt":"2026-02-09T22:32:23","slug":"vous-nous-rejoindrez","status":"publish","type":"page","link":"https:\/\/agenzia.bg\/fr\/vous-nous-rejoindrez\/","title":{"rendered":"Rejoignez-nous"},"content":{"rendered":"<div data-elementor-type=\"wp-page\" data-elementor-id=\"23831\" class=\"elementor elementor-23831\" data-elementor-post-type=\"page\">\n\t\t\t\t<div class=\"elementor-element elementor-element-909e60e e-flex e-con-boxed e-con e-parent\" data-id=\"909e60e\" data-element_type=\"container\" data-e-type=\"container\" id=\"hot_spot2\" data-settings=\"{&quot;background_background&quot;:&quot;classic&quot;}\">\n\t\t\t\t\t<div class=\"e-con-inner\">\n\t\t<div class=\"elementor-element elementor-element-990f065 e-con-full e-flex e-con e-child\" data-id=\"990f065\" data-element_type=\"container\" data-e-type=\"container\" data-settings=\"{&quot;background_background&quot;:&quot;classic&quot;}\">\n\t\t<div class=\"elementor-element elementor-element-15dda43 e-con-full e-flex e-con e-child\" data-id=\"15dda43\" data-element_type=\"container\" data-e-type=\"container\">\n\t\t<div class=\"elementor-element elementor-element-0914a50 e-con-full e-flex e-con e-child\" data-id=\"0914a50\" data-element_type=\"container\" data-e-type=\"container\" data-settings=\"{&quot;background_background&quot;:&quot;classic&quot;}\">\n\t\t\t\t<div class=\"elementor-element elementor-element-1d54ca1 elementor-widget elementor-widget-heading\" data-id=\"1d54ca1\" data-element_type=\"widget\" data-e-type=\"widget\" data-widget_type=\"heading.default\">\n\t\t\t\t\t<p class=\"elementor-heading-title elementor-size-default\">\u00c9quipe AGENZIA<\/p>\t\t\t\t<\/div>\n\t\t\t\t<div class=\"elementor-element elementor-element-e3a04e0 elementor-widget elementor-widget-heading\" data-id=\"e3a04e0\" data-element_type=\"widget\" data-e-type=\"widget\" data-widget_type=\"heading.default\">\n\t\t\t\t\t<p class=\"elementor-heading-title elementor-size-default\">AGENZIA s'adresse \u00e0 tout professionnel qui souhaite contribuer par son empreinte positive au d\u00e9veloppement des services li\u00e9s au secteur de l'immobilier. Nos \u00e9quipes travaillent dans la libert\u00e9 de la cr\u00e9ativit\u00e9, anim\u00e9es par des id\u00e9es novatrices et un haut niveau de responsabilit\u00e9 au service des besoins de nos clients et partenaires. <br><br>\nNous travaillons avec expertise et engagement, mais avant tout, le respect et l'empathie envers les autres et nos clients sont des principes fondamentaux de notre vie quotidienne. <br><br>\nSi vous souhaitez devenir un expert tr\u00e8s respect\u00e9 et performant dans le secteur de l'immobilier, votre place est dans notre \u00e9quipe. \n<\/p>\t\t\t\t<\/div>\n\t\t\t\t<\/div>\n\t\t<div class=\"elementor-element elementor-element-2618a65 e-con-full e-flex e-con e-child\" data-id=\"2618a65\" data-element_type=\"container\" data-e-type=\"container\">\n\t\t\t\t<div class=\"elementor-element elementor-element-5f6f933 elementor-button-align-stretch elementor-widget elementor-widget-form\" data-id=\"5f6f933\" data-element_type=\"widget\" data-e-type=\"widget\" data-settings=\"{&quot;step_next_label&quot;:&quot;Next&quot;,&quot;step_previous_label&quot;:&quot;Previous&quot;,&quot;button_width&quot;:&quot;100&quot;,&quot;step_type&quot;:&quot;number_text&quot;,&quot;step_icon_shape&quot;:&quot;circle&quot;}\" data-widget_type=\"form.default\">\n\t\t\t\t\t\t\t<form class=\"elementor-form\" method=\"post\" name=\"\u0437\u0430\u0441\u0442\u0440\u0430\u0445\u043e\u0432\u0430\u043d\u0435\" aria-label=\"Assurance\" action=\"\">\n\t\t\t<input type=\"hidden\" name=\"post_id\" value=\"23831\"\/>\n\t\t\t<input type=\"hidden\" name=\"form_id\" value=\"5f6f933\"\/>\n\t\t\t<input type=\"hidden\" name=\"referer_title\" value=\"\u041a\u0430\u0440\u0438\u0435\u0440\u0430 \u0432 \u043d\u0435\u0434\u0432\u0438\u0436\u0438\u043c\u0438 \u0438\u043c\u043e\u0442\u0438 | \u041f\u0440\u0438\u0441\u044a\u0435\u0434\u0438\u043d\u0435\u0442\u0435 \u0441\u0435 \u043a\u044a\u043c AGENZIA\" \/>\n\n\t\t\t\t\t\t\t<input type=\"hidden\" name=\"queried_id\" value=\"23831\"\/>\n\t\t\t\n\t\t\t<div class=\"elementor-form-fields-wrapper elementor-labels-above\">\n\t\t\t\t\t\t\t\t<div class=\"elementor-field-type-text elementor-field-group elementor-column elementor-field-group-name elementor-col-100 elementor-field-required\">\n\t\t\t\t\t\t\t\t\t\t\t\t<label for=\"form-field-name\" class=\"elementor-field-label\">\n\t\t\t\t\t\t\t\tNom\t\t\t\t\t\t\t<\/label>\n\t\t\t\t\t\t\t\t\t\t\t\t\t\t<input size=\"1\" type=\"text\" name=\"form_fields[name]\" id=\"form-field-name\" class=\"elementor-field elementor-size-sm  elementor-field-textual\" placeholder=\"Nom\" required=\"required\">\n\t\t\t\t\t\t\t\t\t\t\t<\/div>\n\t\t\t\t\t\t\t\t<div class=\"elementor-field-type-text elementor-field-group elementor-column elementor-field-group-field_a62ef4f elementor-col-100 elementor-field-required\">\n\t\t\t\t\t\t\t\t\t\t\t\t<label for=\"form-field-field_a62ef4f\" class=\"elementor-field-label\">\n\t\t\t\t\t\t\t\tNom de famille\t\t\t\t\t\t\t<\/label>\n\t\t\t\t\t\t\t\t\t\t\t\t\t\t<input size=\"1\" type=\"text\" name=\"form_fields[field_a62ef4f]\" id=\"form-field-field_a62ef4f\" class=\"elementor-field elementor-size-sm  elementor-field-textual\" placeholder=\"nom de famille\" required=\"required\">\n\t\t\t\t\t\t\t\t\t\t\t<\/div>\n\t\t\t\t\t\t\t\t<div class=\"elementor-field-type-email elementor-field-group elementor-column elementor-field-group-email elementor-col-100 elementor-field-required\">\n\t\t\t\t\t\t\t\t\t\t\t\t<label for=\"form-field-email\" class=\"elementor-field-label\">\n\t\t\t\t\t\t\t\tVotre email\t\t\t\t\t\t\t<\/label>\n\t\t\t\t\t\t\t\t\t\t\t\t\t\t<input size=\"1\" type=\"email\" name=\"form_fields[email]\" id=\"form-field-email\" class=\"elementor-field elementor-size-sm  elementor-field-textual\" placeholder=\"Courriel\" required=\"required\">\n\t\t\t\t\t\t\t\t\t\t\t<\/div>\n\t\t\t\t\t\t\t\t<div class=\"elementor-field-type-tel elementor-field-group elementor-column elementor-field-group-field_17cd56d elementor-col-100 elementor-field-required\">\n\t\t\t\t\t\t\t\t\t\t\t\t<label for=\"form-field-field_17cd56d\" class=\"elementor-field-label\">\n\t\t\t\t\t\t\t\tVotre t\u00e9l\u00e9phone\t\t\t\t\t\t\t<\/label>\n\t\t\t\t\t\t\t\t<input size=\"1\" type=\"tel\" name=\"form_fields[field_17cd56d]\" id=\"form-field-field_17cd56d\" class=\"elementor-field elementor-size-sm  elementor-field-textual\" placeholder=\"t\u00e9l\u00e9phone\" required=\"required\" pattern=\"[0-9()#&amp;+*-=.]+\" title=\"Seuls les chiffres et les symboles t\u00e9l\u00e9phoniques (#, -, *, etc.) sont accept\u00e9s.\">\n\n\t\t\t\t\t\t<\/div>\n\t\t\t\t\t\t\t\t<div class=\"elementor-field-type-textarea elementor-field-group elementor-column elementor-field-group-field_7f16319 elementor-col-100\">\n\t\t\t\t\t\t\t\t\t\t\t\t<label for=\"form-field-field_7f16319\" class=\"elementor-field-label\">\n\t\t\t\t\t\t\t\tMessage\t\t\t\t\t\t\t<\/label>\n\t\t\t\t\t\t<textarea class=\"elementor-field-textual elementor-field  elementor-size-sm\" name=\"form_fields[field_7f16319]\" id=\"form-field-field_7f16319\" rows=\"4\" placeholder=\"Message\"><\/textarea>\t\t\t\t<\/div>\n\t\t\t\t\t\t\t\t<div class=\"elementor-field-type-upload elementor-field-group elementor-column elementor-field-group-field_35a594d elementor-col-100 elementor-field-required\">\n\t\t\t\t\t\t\t\t\t\t\t\t<label for=\"form-field-field_35a594d\" class=\"elementor-field-label\">\n\t\t\t\t\t\t\t\tJoignez votre CV\t\t\t\t\t\t\t<\/label>\n\t\t\t\t\t\t\t\t<input type=\"file\" name=\"form_fields[field_35a594d]\" id=\"form-field-field_35a594d\" class=\"elementor-field elementor-size-sm  elementor-upload-field\" required=\"required\">\n\n\t\t\t\t\t\t<\/div>\n\t\t\t\t\t\t\t\t<div class=\"elementor-field-group elementor-column elementor-field-type-submit elementor-col-100 e-form__buttons\">\n\t\t\t\t\t<button class=\"elementor-button elementor-size-sm\" type=\"submit\">\n\t\t\t\t\t\t<span class=\"elementor-button-content-wrapper\">\n\t\t\t\t\t\t\t\t\t\t\t\t\t\t\t\t\t\t\t\t\t\t<span class=\"elementor-button-text\">Envoyer \u00e0<\/span>\n\t\t\t\t\t\t\t\t\t\t\t\t\t<\/span>\n\t\t\t\t\t<\/button>\n\t\t\t\t<\/div>\n\t\t\t<\/div>\n\t\t<input type=\"hidden\" name=\"trp-form-language\" value=\"fr\"\/><\/form>\n\t\t\t\t\t\t<\/div>\n\t\t\t\t<\/div>\n\t\t\t\t<\/div>\n\t\t\t\t<\/div>\n\t\t\t\t\t<\/div>\n\t\t\t\t<\/div>\n\t\t\t\t<\/div>","protected":false},"excerpt":{"rendered":"<p>AGENZIA Team AGENZIA e \u0437\u0430 \u0432\u0441\u0435\u043a\u0438 \u043f\u0440\u043e\u0444\u0435\u0441\u0438\u043e\u043d\u0430\u043b\u0438\u0441\u0442, \u043a\u043e\u0439\u0442\u043e \u0436\u0435\u043b\u0430\u0435 \u0434\u0430 \u0434\u043e\u043f\u0440\u0438\u043d\u0435\u0441\u0435 \u0441\u044a\u0441 \u0441\u0432\u043e\u044f \u043f\u043e\u043b\u043e\u0436\u0438\u0442\u0435\u043b\u0435\u043d \u043e\u0442\u043f\u0435\u0447\u0430\u0442\u044a\u043a \u0432 \u0440\u0430\u0437\u0432\u0438\u0442\u0438\u0435\u0442\u043e \u043d\u0430 \u0443\u0441\u043b\u0443\u0433\u0438, \u0441\u0432\u044a\u0440\u0437\u0432\u0430\u043d\u0438 \u0441 \u0438\u043c\u0443\u0449\u0435\u0441\u0442\u0432\u0435\u043d\u0438\u044f \u0441\u0435\u043a\u0442\u043e\u0440. \u041d\u0430\u0448\u0438\u0442\u0435 \u0435\u043a\u0438\u043f\u0438 \u0440\u0430\u0431\u043e\u0442\u044f\u0442 \u0432 \u0441\u0432\u043e\u0431\u043e\u0434\u0430 \u043d\u0430 \u043a\u0440\u0435\u0430\u0442\u0438\u0432\u043d\u043e\u0441\u0442, \u0432\u043e\u0434\u0435\u043d\u0438 \u043e\u0442 \u0438\u043d\u043e\u0432\u0430\u0442\u0438\u0432\u043d\u0438 \u0438\u0434\u0435\u0438 \u0438 \u0432\u0438\u0441\u043e\u043a\u043e \u043d\u0438\u0432\u043e \u043d\u0430 \u043e\u0442\u0433\u043e\u0432\u043e\u0440\u043d\u043e\u0441\u0442 \u0432 \u043e\u0431\u0441\u043b\u0443\u0436\u0432\u0430\u043d\u0435 \u043d\u0443\u0436\u0434\u0438\u0442\u0435 \u043d\u0430 \u043d\u0430\u0448\u0438\u0442\u0435 \u043a\u043b\u0438\u0435\u043d\u0442\u0438 \u0438 \u043f\u0430\u0440\u0442\u043d\u044c\u043e\u0440\u0438. \u0420\u0430\u0431\u043e\u0442\u0438\u043c \u0441 \u0435\u043a\u0441\u043f\u0435\u0440\u0442\u0438\u0437\u0430 \u0438 \u0430\u043d\u0433\u0430\u0436\u0438\u0440\u0430\u043d\u043e\u0441\u0442, \u043d\u043e \u043f\u0440\u0435\u0434\u0438 \u0432\u0441\u0438\u0447\u043a\u043e \u0443\u0432\u0430\u0436\u0435\u043d\u0438\u0435\u0442\u043e \u0438 \u0435\u043c\u043f\u0430\u0442\u0438\u044f\u0442\u0430 \u0435\u0434\u0438\u043d \u043a\u044a\u043c \u0434\u0440\u0443\u0433 \u0438 \u043a\u044a\u043c \u043d\u0430\u0448\u0438\u0442\u0435 &#8230;<\/p>","protected":false},"author":1,"featured_media":0,"parent":0,"menu_order":0,"comment_status":"closed","ping_status":"closed","template":"elementor_header_footer","meta":{"_acf_changed":false,"inline_featured_image":false,"footnotes":""},"class_list":["post-23831","page","type-page","status-publish","hentry"],"acf":[],"yoast_head":"<!-- This site is optimized with the Yoast SEO Premium plugin v25.1 (Yoast SEO v27.4) - https:\/\/yoast.com\/product\/yoast-seo-premium-wordpress\/ -->\n<title>\u041a\u0430\u0440\u0438\u0435\u0440\u0430 \u0432 \u043d\u0435\u0434\u0432\u0438\u0436\u0438\u043c\u0438 \u0438\u043c\u043e\u0442\u0438 | \u041f\u0440\u0438\u0441\u044a\u0435\u0434\u0438\u043d\u0435\u0442\u0435 \u0441\u0435 \u043a\u044a\u043c AGENZIA<\/title>\n<meta name=\"description\" content=\"\u041f\u0440\u0438\u0441\u044a\u0435\u0434\u0438\u043d\u0435\u0442\u0435 \u0441\u0435 \u043a\u044a\u043c AGENZIA \u2013 \u0440\u0430\u0437\u0432\u0438\u0439\u0442\u0435 \u043a\u0430\u0440\u0438\u0435\u0440\u0430 \u0432 \u043d\u0435\u0434\u0432\u0438\u0436\u0438\u043c\u0438\u0442\u0435 \u0438\u043c\u043e\u0442\u0438 \u0441 \u0435\u043a\u0438\u043f, \u043a\u043e\u0439\u0442\u043e \u0446\u0435\u043d\u0438 \u0435\u043a\u0441\u043f\u0435\u0440\u0442\u0438\u0437\u0430\u0442\u0430, \u0441\u0432\u043e\u0431\u043e\u0434\u0430\u0442\u0430 \u0438 \u0440\u0435\u0437\u0443\u043b\u0442\u0430\u0442\u0438\u0442\u0435.\" \/>\n<meta name=\"robots\" content=\"index, follow, max-snippet:-1, max-image-preview:large, max-video-preview:-1\" \/>\n<link rel=\"canonical\" href=\"https:\/\/agenzia.bg\/fr\/vous-nous-rejoindrez\/\" \/>\n<meta property=\"og:locale\" content=\"fr_FR\" \/>\n<meta property=\"og:type\" content=\"article\" \/>\n<meta property=\"og:title\" content=\"\u041f\u0440\u0438\u0441\u044a\u0435\u0434\u0438\u043d\u0435\u0442\u0435 \u0441\u0435 \u043a\u044a\u043c \u043d\u0430\u0441\" \/>\n<meta property=\"og:description\" content=\"\u041f\u0440\u0438\u0441\u044a\u0435\u0434\u0438\u043d\u0435\u0442\u0435 \u0441\u0435 \u043a\u044a\u043c AGENZIA \u2013 \u0440\u0430\u0437\u0432\u0438\u0439\u0442\u0435 \u043a\u0430\u0440\u0438\u0435\u0440\u0430 \u0432 \u043d\u0435\u0434\u0432\u0438\u0436\u0438\u043c\u0438\u0442\u0435 \u0438\u043c\u043e\u0442\u0438 \u0441 \u0435\u043a\u0438\u043f, \u043a\u043e\u0439\u0442\u043e \u0446\u0435\u043d\u0438 \u0435\u043a\u0441\u043f\u0435\u0440\u0442\u0438\u0437\u0430\u0442\u0430, \u0441\u0432\u043e\u0431\u043e\u0434\u0430\u0442\u0430 \u0438 \u0440\u0435\u0437\u0443\u043b\u0442\u0430\u0442\u0438\u0442\u0435.\" \/>\n<meta property=\"og:url\" content=\"https:\/\/agenzia.bg\/fr\/vous-nous-rejoindrez\/\" \/>\n<meta property=\"og:site_name\" content=\"agenzia.bg\" \/>\n<meta property=\"article:modified_time\" content=\"2026-02-09T22:32:23+00:00\" \/>\n<meta name=\"twitter:card\" content=\"summary_large_image\" \/>\n<meta name=\"twitter:label1\" content=\"Dur\u00e9e de lecture estim\u00e9e\" \/>\n\t<meta name=\"twitter:data1\" content=\"1 minute\" \/>\n<script type=\"application\/ld+json\" class=\"yoast-schema-graph\">{\"@context\":\"https:\\\/\\\/schema.org\",\"@graph\":[{\"@type\":\"WebPage\",\"@id\":\"https:\\\/\\\/agenzia.bg\\\/prisuedinete-se-kum-nas\\\/\",\"url\":\"https:\\\/\\\/agenzia.bg\\\/prisuedinete-se-kum-nas\\\/\",\"name\":\"\u041a\u0430\u0440\u0438\u0435\u0440\u0430 \u0432 \u043d\u0435\u0434\u0432\u0438\u0436\u0438\u043c\u0438 \u0438\u043c\u043e\u0442\u0438 | \u041f\u0440\u0438\u0441\u044a\u0435\u0434\u0438\u043d\u0435\u0442\u0435 \u0441\u0435 \u043a\u044a\u043c AGENZIA\",\"isPartOf\":{\"@id\":\"https:\\\/\\\/agenzia.bg\\\/#website\"},\"datePublished\":\"2026-01-16T01:04:03+00:00\",\"dateModified\":\"2026-02-09T22:32:23+00:00\",\"description\":\"\u041f\u0440\u0438\u0441\u044a\u0435\u0434\u0438\u043d\u0435\u0442\u0435 \u0441\u0435 \u043a\u044a\u043c AGENZIA \u2013 \u0440\u0430\u0437\u0432\u0438\u0439\u0442\u0435 \u043a\u0430\u0440\u0438\u0435\u0440\u0430 \u0432 \u043d\u0435\u0434\u0432\u0438\u0436\u0438\u043c\u0438\u0442\u0435 \u0438\u043c\u043e\u0442\u0438 \u0441 \u0435\u043a\u0438\u043f, \u043a\u043e\u0439\u0442\u043e \u0446\u0435\u043d\u0438 \u0435\u043a\u0441\u043f\u0435\u0440\u0442\u0438\u0437\u0430\u0442\u0430, \u0441\u0432\u043e\u0431\u043e\u0434\u0430\u0442\u0430 \u0438 \u0440\u0435\u0437\u0443\u043b\u0442\u0430\u0442\u0438\u0442\u0435.\",\"breadcrumb\":{\"@id\":\"https:\\\/\\\/agenzia.bg\\\/prisuedinete-se-kum-nas\\\/#breadcrumb\"},\"inLanguage\":\"fr-FR\",\"potentialAction\":[{\"@type\":\"ReadAction\",\"target\":[\"https:\\\/\\\/agenzia.bg\\\/prisuedinete-se-kum-nas\\\/\"]}]},{\"@type\":\"BreadcrumbList\",\"@id\":\"https:\\\/\\\/agenzia.bg\\\/prisuedinete-se-kum-nas\\\/#breadcrumb\",\"itemListElement\":[{\"@type\":\"ListItem\",\"position\":1,\"name\":\"Home\",\"item\":\"https:\\\/\\\/agenzia.bg\\\/\"},{\"@type\":\"ListItem\",\"position\":2,\"name\":\"\u041f\u0440\u0438\u0441\u044a\u0435\u0434\u0438\u043d\u0435\u0442\u0435 \u0441\u0435 \u043a\u044a\u043c \u043d\u0430\u0441\"}]},{\"@type\":\"WebSite\",\"@id\":\"https:\\\/\\\/agenzia.bg\\\/#website\",\"url\":\"https:\\\/\\\/agenzia.bg\\\/\",\"name\":\"agenzia.bg\",\"description\":\"\",\"potentialAction\":[{\"@type\":\"SearchAction\",\"target\":{\"@type\":\"EntryPoint\",\"urlTemplate\":\"https:\\\/\\\/agenzia.bg\\\/?s={search_term_string}\"},\"query-input\":{\"@type\":\"PropertyValueSpecification\",\"valueRequired\":true,\"valueName\":\"search_term_string\"}}],\"inLanguage\":\"fr-FR\"}]}<\/script>\n<!-- \/ Yoast SEO Premium plugin. -->","yoast_head_json":{"title":"Carri\u00e8res dans l'immobilier | Rejoindre AGENZIA","description":"Rejoindre AGENZIA, c'est faire carri\u00e8re dans l'immobilier au sein d'une \u00e9quipe qui valorise l'expertise, la libert\u00e9 et les r\u00e9sultats.","robots":{"index":"index","follow":"follow","max-snippet":"max-snippet:-1","max-image-preview":"max-image-preview:large","max-video-preview":"max-video-preview:-1"},"canonical":"https:\/\/agenzia.bg\/fr\/vous-nous-rejoindrez\/","og_locale":"fr_FR","og_type":"article","og_title":"\u041f\u0440\u0438\u0441\u044a\u0435\u0434\u0438\u043d\u0435\u0442\u0435 \u0441\u0435 \u043a\u044a\u043c \u043d\u0430\u0441","og_description":"\u041f\u0440\u0438\u0441\u044a\u0435\u0434\u0438\u043d\u0435\u0442\u0435 \u0441\u0435 \u043a\u044a\u043c AGENZIA \u2013 \u0440\u0430\u0437\u0432\u0438\u0439\u0442\u0435 \u043a\u0430\u0440\u0438\u0435\u0440\u0430 \u0432 \u043d\u0435\u0434\u0432\u0438\u0436\u0438\u043c\u0438\u0442\u0435 \u0438\u043c\u043e\u0442\u0438 \u0441 \u0435\u043a\u0438\u043f, \u043a\u043e\u0439\u0442\u043e \u0446\u0435\u043d\u0438 \u0435\u043a\u0441\u043f\u0435\u0440\u0442\u0438\u0437\u0430\u0442\u0430, \u0441\u0432\u043e\u0431\u043e\u0434\u0430\u0442\u0430 \u0438 \u0440\u0435\u0437\u0443\u043b\u0442\u0430\u0442\u0438\u0442\u0435.","og_url":"https:\/\/agenzia.bg\/fr\/vous-nous-rejoindrez\/","og_site_name":"agenzia.bg","article_modified_time":"2026-02-09T22:32:23+00:00","twitter_card":"summary_large_image","twitter_misc":{"Dur\u00e9e de lecture estim\u00e9e":"1 minute"},"schema":{"@context":"https:\/\/schema.org","@graph":[{"@type":"WebPage","@id":"https:\/\/agenzia.bg\/prisuedinete-se-kum-nas\/","url":"https:\/\/agenzia.bg\/prisuedinete-se-kum-nas\/","name":"Carri\u00e8res dans l'immobilier | Rejoindre AGENZIA","isPartOf":{"@id":"https:\/\/agenzia.bg\/#website"},"datePublished":"2026-01-16T01:04:03+00:00","dateModified":"2026-02-09T22:32:23+00:00","description":"Rejoindre AGENZIA, c'est faire carri\u00e8re dans l'immobilier au sein d'une \u00e9quipe qui valorise l'expertise, la libert\u00e9 et les r\u00e9sultats.","breadcrumb":{"@id":"https:\/\/agenzia.bg\/prisuedinete-se-kum-nas\/#breadcrumb"},"inLanguage":"fr-FR","potentialAction":[{"@type":"ReadAction","target":["https:\/\/agenzia.bg\/prisuedinete-se-kum-nas\/"]}]},{"@type":"BreadcrumbList","@id":"https:\/\/agenzia.bg\/prisuedinete-se-kum-nas\/#breadcrumb","itemListElement":[{"@type":"ListItem","position":1,"name":"Home","item":"https:\/\/agenzia.bg\/"},{"@type":"ListItem","position":2,"name":"\u041f\u0440\u0438\u0441\u044a\u0435\u0434\u0438\u043d\u0435\u0442\u0435 \u0441\u0435 \u043a\u044a\u043c \u043d\u0430\u0441"}]},{"@type":"WebSite","@id":"https:\/\/agenzia.bg\/#website","url":"https:\/\/agenzia.bg\/","name":"maroon-porpoise-135157.hostersite.com","description":"","potentialAction":[{"@type":"SearchAction","target":{"@type":"EntryPoint","urlTemplate":"https:\/\/agenzia.bg\/?s={search_term_string}"},"query-input":{"@type":"PropertyValueSpecification","valueRequired":true,"valueName":"search_term_string"}}],"inLanguage":"fr-FR"}]}},"_hostinger_reach_plugin_has_subscription_block":false,"_hostinger_reach_plugin_is_elementor":false,"_links":{"self":[{"href":"https:\/\/agenzia.bg\/fr\/wp-json\/wp\/v2\/pages\/23831","targetHints":{"allow":["GET"]}}],"collection":[{"href":"https:\/\/agenzia.bg\/fr\/wp-json\/wp\/v2\/pages"}],"about":[{"href":"https:\/\/agenzia.bg\/fr\/wp-json\/wp\/v2\/types\/page"}],"author":[{"embeddable":true,"href":"https:\/\/agenzia.bg\/fr\/wp-json\/wp\/v2\/users\/1"}],"replies":[{"embeddable":true,"href":"https:\/\/agenzia.bg\/fr\/wp-json\/wp\/v2\/comments?post=23831"}],"version-history":[{"count":0,"href":"https:\/\/agenzia.bg\/fr\/wp-json\/wp\/v2\/pages\/23831\/revisions"}],"wp:attachment":[{"href":"https:\/\/agenzia.bg\/fr\/wp-json\/wp\/v2\/media?parent=23831"}],"curies":[{"name":"wp","href":"https:\/\/api.w.org\/{rel}","templated":true}]}}