{"id":23865,"date":"2026-01-16T08:44:38","date_gmt":"2026-01-16T08:44:38","guid":{"rendered":"https:\/\/agenzia.bg\/?page_id=23865"},"modified":"2026-02-10T00:48:14","modified_gmt":"2026-02-09T22:48:14","slug":"feuille-de-proprietes-pour-les-coupons","status":"publish","type":"page","link":"https:\/\/agenzia.bg\/fr\/feuille-de-proprietes-pour-les-coupons\/","title":{"rendered":"Acheter un bien immobilier"},"content":{"rendered":"","protected":false},"excerpt":{"rendered":"","protected":false},"author":1,"featured_media":0,"parent":0,"menu_order":0,"comment_status":"closed","ping_status":"closed","template":"page-templates\/property_list.php","meta":{"_acf_changed":false,"inline_featured_image":false,"footnotes":""},"class_list":["post-23865","page","type-page","status-publish","hentry"],"acf":[],"yoast_head":"<!-- This site is optimized with the Yoast SEO Premium plugin v25.1 (Yoast SEO v27.4) - https:\/\/yoast.com\/product\/yoast-seo-premium-wordpress\/ -->\n<title>\u0418\u043c\u043e\u0442\u0438 \u0437\u0430 \u043f\u0440\u043e\u0434\u0430\u0436\u0431\u0430 | \u041a\u0443\u043f\u0435\u0442\u0435 \u0438\u043c\u043e\u0442 \u0441 AGENZIA<\/title>\n<meta name=\"description\" content=\"\u0420\u0430\u0437\u0433\u043b\u0435\u0434\u0430\u0439\u0442\u0435 \u0430\u043a\u0442\u0443\u0430\u043b\u043d\u0438 \u0438\u043c\u043e\u0442\u0438 \u0437\u0430 \u043f\u0440\u043e\u0434\u0430\u0436\u0431\u0430 \u2013 \u0430\u043f\u0430\u0440\u0442\u0430\u043c\u0435\u043d\u0442\u0438, \u043a\u044a\u0449\u0438 \u0438 \u043f\u0430\u0440\u0446\u0435\u043b\u0438. \u041d\u0430\u043c\u0435\u0440\u0435\u0442\u0435 \u0442\u043e\u0447\u043d\u0438\u044f \u0438\u043c\u043e\u0442 \u0441 AGENZIA.\" \/>\n<meta name=\"robots\" content=\"index, follow, max-snippet:-1, max-image-preview:large, max-video-preview:-1\" \/>\n<link rel=\"canonical\" href=\"https:\/\/agenzia.bg\/fr\/feuille-de-proprietes-pour-les-coupons\/\" \/>\n<meta property=\"og:locale\" content=\"fr_FR\" \/>\n<meta property=\"og:type\" content=\"article\" \/>\n<meta property=\"og:title\" content=\"\u041a\u0443\u043f\u0435\u0442\u0435 \u0438\u043c\u043e\u0442\u0438\" \/>\n<meta property=\"og:description\" content=\"\u0420\u0430\u0437\u0433\u043b\u0435\u0434\u0430\u0439\u0442\u0435 \u0430\u043a\u0442\u0443\u0430\u043b\u043d\u0438 \u0438\u043c\u043e\u0442\u0438 \u0437\u0430 \u043f\u0440\u043e\u0434\u0430\u0436\u0431\u0430 \u2013 \u0430\u043f\u0430\u0440\u0442\u0430\u043c\u0435\u043d\u0442\u0438, \u043a\u044a\u0449\u0438 \u0438 \u043f\u0430\u0440\u0446\u0435\u043b\u0438. \u041d\u0430\u043c\u0435\u0440\u0435\u0442\u0435 \u0442\u043e\u0447\u043d\u0438\u044f \u0438\u043c\u043e\u0442 \u0441 AGENZIA.\" \/>\n<meta property=\"og:url\" content=\"https:\/\/agenzia.bg\/fr\/feuille-de-proprietes-pour-les-coupons\/\" \/>\n<meta property=\"og:site_name\" content=\"agenzia.bg\" \/>\n<meta property=\"article:modified_time\" content=\"2026-02-09T22:48:14+00:00\" \/>\n<meta name=\"twitter:card\" content=\"summary_large_image\" \/>\n<script type=\"application\/ld+json\" class=\"yoast-schema-graph\">{\"@context\":\"https:\\\/\\\/schema.org\",\"@graph\":[{\"@type\":\"WebPage\",\"@id\":\"https:\\\/\\\/agenzia.bg\\\/properties-list-za-kupuvane\\\/\",\"url\":\"https:\\\/\\\/agenzia.bg\\\/properties-list-za-kupuvane\\\/\",\"name\":\"\u0418\u043c\u043e\u0442\u0438 \u0437\u0430 \u043f\u0440\u043e\u0434\u0430\u0436\u0431\u0430 | \u041a\u0443\u043f\u0435\u0442\u0435 \u0438\u043c\u043e\u0442 \u0441 AGENZIA\",\"isPartOf\":{\"@id\":\"https:\\\/\\\/agenzia.bg\\\/#website\"},\"datePublished\":\"2026-01-16T08:44:38+00:00\",\"dateModified\":\"2026-02-09T22:48:14+00:00\",\"description\":\"\u0420\u0430\u0437\u0433\u043b\u0435\u0434\u0430\u0439\u0442\u0435 \u0430\u043a\u0442\u0443\u0430\u043b\u043d\u0438 \u0438\u043c\u043e\u0442\u0438 \u0437\u0430 \u043f\u0440\u043e\u0434\u0430\u0436\u0431\u0430 \u2013 \u0430\u043f\u0430\u0440\u0442\u0430\u043c\u0435\u043d\u0442\u0438, \u043a\u044a\u0449\u0438 \u0438 \u043f\u0430\u0440\u0446\u0435\u043b\u0438. \u041d\u0430\u043c\u0435\u0440\u0435\u0442\u0435 \u0442\u043e\u0447\u043d\u0438\u044f \u0438\u043c\u043e\u0442 \u0441 AGENZIA.\",\"breadcrumb\":{\"@id\":\"https:\\\/\\\/agenzia.bg\\\/properties-list-za-kupuvane\\\/#breadcrumb\"},\"inLanguage\":\"fr-FR\",\"potentialAction\":[{\"@type\":\"ReadAction\",\"target\":[\"https:\\\/\\\/agenzia.bg\\\/properties-list-za-kupuvane\\\/\"]}]},{\"@type\":\"BreadcrumbList\",\"@id\":\"https:\\\/\\\/agenzia.bg\\\/properties-list-za-kupuvane\\\/#breadcrumb\",\"itemListElement\":[{\"@type\":\"ListItem\",\"position\":1,\"name\":\"Home\",\"item\":\"https:\\\/\\\/agenzia.bg\\\/\"},{\"@type\":\"ListItem\",\"position\":2,\"name\":\"\u041a\u0443\u043f\u0435\u0442\u0435 \u0438\u043c\u043e\u0442\u0438\"}]},{\"@type\":\"WebSite\",\"@id\":\"https:\\\/\\\/agenzia.bg\\\/#website\",\"url\":\"https:\\\/\\\/agenzia.bg\\\/\",\"name\":\"agenzia.bg\",\"description\":\"\",\"potentialAction\":[{\"@type\":\"SearchAction\",\"target\":{\"@type\":\"EntryPoint\",\"urlTemplate\":\"https:\\\/\\\/agenzia.bg\\\/?s={search_term_string}\"},\"query-input\":{\"@type\":\"PropertyValueSpecification\",\"valueRequired\":true,\"valueName\":\"search_term_string\"}}],\"inLanguage\":\"fr-FR\"}]}<\/script>\n<!-- \/ Yoast SEO Premium plugin. -->","yoast_head_json":{"title":"Propri\u00e9t\u00e9s \u00e0 vendre | Acheter une propri\u00e9t\u00e9 avec AGENZIA","description":"D\u00e9couvrez les biens immobiliers actuellement en vente - appartements, maisons et terrains. Trouvez la bonne propri\u00e9t\u00e9 avec AGENZIA.","robots":{"index":"index","follow":"follow","max-snippet":"max-snippet:-1","max-image-preview":"max-image-preview:large","max-video-preview":"max-video-preview:-1"},"canonical":"https:\/\/agenzia.bg\/fr\/feuille-de-proprietes-pour-les-coupons\/","og_locale":"fr_FR","og_type":"article","og_title":"\u041a\u0443\u043f\u0435\u0442\u0435 \u0438\u043c\u043e\u0442\u0438","og_description":"\u0420\u0430\u0437\u0433\u043b\u0435\u0434\u0430\u0439\u0442\u0435 \u0430\u043a\u0442\u0443\u0430\u043b\u043d\u0438 \u0438\u043c\u043e\u0442\u0438 \u0437\u0430 \u043f\u0440\u043e\u0434\u0430\u0436\u0431\u0430 \u2013 \u0430\u043f\u0430\u0440\u0442\u0430\u043c\u0435\u043d\u0442\u0438, \u043a\u044a\u0449\u0438 \u0438 \u043f\u0430\u0440\u0446\u0435\u043b\u0438. \u041d\u0430\u043c\u0435\u0440\u0435\u0442\u0435 \u0442\u043e\u0447\u043d\u0438\u044f \u0438\u043c\u043e\u0442 \u0441 AGENZIA.","og_url":"https:\/\/agenzia.bg\/fr\/feuille-de-proprietes-pour-les-coupons\/","og_site_name":"agenzia.bg","article_modified_time":"2026-02-09T22:48:14+00:00","twitter_card":"summary_large_image","schema":{"@context":"https:\/\/schema.org","@graph":[{"@type":"WebPage","@id":"https:\/\/agenzia.bg\/properties-list-za-kupuvane\/","url":"https:\/\/agenzia.bg\/properties-list-za-kupuvane\/","name":"Propri\u00e9t\u00e9s \u00e0 vendre | Acheter une propri\u00e9t\u00e9 avec AGENZIA","isPartOf":{"@id":"https:\/\/agenzia.bg\/#website"},"datePublished":"2026-01-16T08:44:38+00:00","dateModified":"2026-02-09T22:48:14+00:00","description":"D\u00e9couvrez les biens immobiliers actuellement en vente - appartements, maisons et terrains. Trouvez la bonne propri\u00e9t\u00e9 avec AGENZIA.","breadcrumb":{"@id":"https:\/\/agenzia.bg\/properties-list-za-kupuvane\/#breadcrumb"},"inLanguage":"fr-FR","potentialAction":[{"@type":"ReadAction","target":["https:\/\/agenzia.bg\/properties-list-za-kupuvane\/"]}]},{"@type":"BreadcrumbList","@id":"https:\/\/agenzia.bg\/properties-list-za-kupuvane\/#breadcrumb","itemListElement":[{"@type":"ListItem","position":1,"name":"Home","item":"https:\/\/agenzia.bg\/"},{"@type":"ListItem","position":2,"name":"\u041a\u0443\u043f\u0435\u0442\u0435 \u0438\u043c\u043e\u0442\u0438"}]},{"@type":"WebSite","@id":"https:\/\/agenzia.bg\/#website","url":"https:\/\/agenzia.bg\/","name":"maroon-porpoise-135157.hostersite.com","description":"","potentialAction":[{"@type":"SearchAction","target":{"@type":"EntryPoint","urlTemplate":"https:\/\/agenzia.bg\/?s={search_term_string}"},"query-input":{"@type":"PropertyValueSpecification","valueRequired":true,"valueName":"search_term_string"}}],"inLanguage":"fr-FR"}]}},"_hostinger_reach_plugin_has_subscription_block":false,"_hostinger_reach_plugin_is_elementor":false,"_links":{"self":[{"href":"https:\/\/agenzia.bg\/fr\/wp-json\/wp\/v2\/pages\/23865","targetHints":{"allow":["GET"]}}],"collection":[{"href":"https:\/\/agenzia.bg\/fr\/wp-json\/wp\/v2\/pages"}],"about":[{"href":"https:\/\/agenzia.bg\/fr\/wp-json\/wp\/v2\/types\/page"}],"author":[{"embeddable":true,"href":"https:\/\/agenzia.bg\/fr\/wp-json\/wp\/v2\/users\/1"}],"replies":[{"embeddable":true,"href":"https:\/\/agenzia.bg\/fr\/wp-json\/wp\/v2\/comments?post=23865"}],"version-history":[{"count":0,"href":"https:\/\/agenzia.bg\/fr\/wp-json\/wp\/v2\/pages\/23865\/revisions"}],"wp:attachment":[{"href":"https:\/\/agenzia.bg\/fr\/wp-json\/wp\/v2\/media?parent=23865"}],"curies":[{"name":"wp","href":"https:\/\/api.w.org\/{rel}","templated":true}]}}